{"id":336572,"date":"2024-07-14T22:25:41","date_gmt":"2024-07-14T22:25:41","guid":{"rendered":"https:\/\/adroit.legal\/apresenta-uma-reclamacao\/"},"modified":"2024-11-12T07:16:33","modified_gmt":"2024-11-12T07:16:33","slug":"apresenta-uma-reclamacao","status":"publish","type":"page","link":"https:\/\/adroit.legal\/pt-pt\/apresenta-uma-reclamacao\/","title":{"rendered":"Apresenta uma reclama\u00e7\u00e3o"},"content":{"rendered":"<p>[et_pb_section fb_built=&#8221;1&#8243; fullwidth=&#8221;on&#8221; _builder_version=&#8221;4.27.0&#8243; _module_preset=&#8221;default&#8221; custom_margin=&#8221;0px||||false|false&#8221; custom_padding=&#8221;0px||||false|false&#8221; global_colors_info=&#8221;{}&#8221;][et_pb_fullwidth_header title=&#8221;Apresenta a tua queixa aqui:&#8221; button_one_text=&#8221;Toma nota do nosso regulamento interno&#8221; button_one_url=&#8221;https:\/\/adroit.legal\/pt-pt\/regulamento-interno\/&#8221; _builder_version=&#8221;4.27.0&#8243; _module_preset=&#8221;default&#8221; background_color=&#8221;#001E77&#8243; custom_margin=&#8221;-150px||||false|false&#8221; custom_padding=&#8221;200px||||false|false&#8221; global_colors_info=&#8221;{}&#8221;]<\/p>\n<p><span style=\"font-size: medium;\">Se uma decis\u00e3o do Fornecedor de uma Plataforma online tiver violado os teus direitos, ou se considerares essa decis\u00e3o ilegal, podes simplesmente apresentar uma queixa utilizando o formul\u00e1rio de contacto abaixo. A ADROIT \u00e9 obrigada a resolver a tua queixa de forma justa e transparente no prazo de 90 dias.  <\/span><span style=\"font-size: medium;\"><em><span style=\"font-weight: 400;\"><\/span><\/em><\/span><span style=\"font-size: medium;\"><\/span><span style=\"font-size: medium;\">Para estares consciente dos nossos procedimentos, pedimos-te que te familiarizes com o nosso Regulamento Interno: <\/span><\/p>\n<p>[\/et_pb_fullwidth_header][\/et_pb_section][et_pb_section fb_built=&#8221;1&#8243; disabled_on=&#8221;off|off|off&#8221; _builder_version=&#8221;4.27.0&#8243; _module_preset=&#8221;default&#8221; background_color=&#8221;#001E77&#8243; use_background_color_gradient=&#8221;on&#8221; background_color_gradient_stops=&#8221;#001e77 0%|#002baa 100%&#8221; global_colors_info=&#8221;{}&#8221;][et_pb_row _builder_version=&#8221;4.26.1&#8243; _module_preset=&#8221;default&#8221; hover_enabled=&#8221;0&#8243; global_colors_info=&#8221;{}&#8221; sticky_enabled=&#8221;0&#8243;][et_pb_column type=&#8221;4_4&#8243; _builder_version=&#8221;4.26.1&#8243; _module_preset=&#8221;default&#8221; global_colors_info=&#8221;{}&#8221;][et_pb_code _builder_version=&#8221;4.27.3&#8243; _module_preset=&#8221;default&#8221; background_color=&#8221;#FFFFFF&#8221; custom_padding=&#8221;25px|25px|25px|25px|false|false&#8221; hover_enabled=&#8221;0&#8243; border_radii=&#8221;on|20px|20px|20px|20px&#8221; box_shadow_style=&#8221;preset1&#8243; global_colors_info=&#8221;{}&#8221; sticky_enabled=&#8221;0&#8243; link_option_url_new_window=&#8221;on&#8221;]<!-- [et_pb_line_break_holder] --><!-- BEGIN Podio web form --><!-- [et_pb_line_break_holder] --><script src=\"https:\/\/podio.com\/webforms\/29175265\/2379117.js\"><\/script><!-- [et_pb_line_break_holder] --><script type=\"text\/javascript\"><!-- [et_pb_line_break_holder] -->  _podioWebForm.render(\"2379117\")<!-- [et_pb_line_break_holder] --><\/script><!-- [et_pb_line_break_holder] --><noscript><!-- [et_pb_line_break_holder] -->  <a href=\"https:\/\/podio.com\/webforms\/29175265\/2379117\" target=\"_blank\" rel=\"noopener\">Por favor, preenche o formul\u00e1rio<\/a><!-- [et_pb_line_break_holder] --><\/noscript><!-- [et_pb_line_break_holder] -->  <\/p>\n<div class=\"podio-webform-container\"><!-- [et_pb_line_break_holder] -->  <\/div>\n<p><!-- [et_pb_line_break_holder] --><!-- END Podio web form -->[\/et_pb_code][\/et_pb_column][\/et_pb_row][\/et_pb_section]<\/p>\n","protected":false},"excerpt":{"rendered":"<p>Se uma decis\u00e3o do Fornecedor de uma Plataforma online tiver violado os teus direitos, ou se considerares essa decis\u00e3o ilegal, podes simplesmente apresentar uma queixa utilizando o formul\u00e1rio de contacto abaixo. A ADROIT \u00e9 obrigada a resolver a tua queixa de forma justa e transparente no prazo de 90 dias. Para estares consciente dos nossos procedimentos, pedimos-te que te familiarizes com o nosso Regulamento Interno:<\/p>\n","protected":false},"author":2,"featured_media":0,"parent":0,"menu_order":0,"comment_status":"closed","ping_status":"closed","template":"","meta":{"_et_pb_use_builder":"on","_et_pb_old_content":"","_et_gb_content_width":"","om_disable_all_campaigns":false,"_monsterinsights_skip_tracking":false,"_monsterinsights_sitenote_active":false,"_monsterinsights_sitenote_note":"","_monsterinsights_sitenote_category":0,"footnotes":""},"class_list":["post-336572","page","type-page","status-publish","hentry"],"aioseo_notices":[],"_links":{"self":[{"href":"https:\/\/adroit.legal\/pt-pt\/wp-json\/wp\/v2\/pages\/336572","targetHints":{"allow":["GET"]}}],"collection":[{"href":"https:\/\/adroit.legal\/pt-pt\/wp-json\/wp\/v2\/pages"}],"about":[{"href":"https:\/\/adroit.legal\/pt-pt\/wp-json\/wp\/v2\/types\/page"}],"author":[{"embeddable":true,"href":"https:\/\/adroit.legal\/pt-pt\/wp-json\/wp\/v2\/users\/2"}],"replies":[{"embeddable":true,"href":"https:\/\/adroit.legal\/pt-pt\/wp-json\/wp\/v2\/comments?post=336572"}],"version-history":[{"count":8,"href":"https:\/\/adroit.legal\/pt-pt\/wp-json\/wp\/v2\/pages\/336572\/revisions"}],"predecessor-version":[{"id":336748,"href":"https:\/\/adroit.legal\/pt-pt\/wp-json\/wp\/v2\/pages\/336572\/revisions\/336748"}],"wp:attachment":[{"href":"https:\/\/adroit.legal\/pt-pt\/wp-json\/wp\/v2\/media?parent=336572"}],"curies":[{"name":"wp","href":"https:\/\/api.w.org\/{rel}","templated":true}]}}