{"id":336515,"date":"2024-07-14T15:57:26","date_gmt":"2024-07-14T15:57:26","guid":{"rendered":"https:\/\/adroit.legal\/sobre-nos\/"},"modified":"2024-10-24T10:32:06","modified_gmt":"2024-10-24T10:32:06","slug":"sobre-nos","status":"publish","type":"page","link":"https:\/\/adroit.legal\/pt-pt\/sobre-nos\/","title":{"rendered":"Sobre n\u00f3s"},"content":{"rendered":"<p>[et_pb_section fb_built=&#8221;1&#8243; fullwidth=&#8221;on&#8221; _builder_version=&#8221;4.27.0&#8243; _module_preset=&#8221;default&#8221; background_color=&#8221;#001E77&#8243; position_origin_r=&#8221;bottom_left&#8221; custom_margin=&#8221;-100px||||false|false&#8221; custom_margin_tablet=&#8221;0px||||false|false&#8221; custom_margin_phone=&#8221;0px||||false|false&#8221; custom_margin_last_edited=&#8221;on|desktop&#8221; custom_padding=&#8221;150px||||false|false&#8221; global_colors_info=&#8221;{}&#8221;][et_pb_fullwidth_header title=&#8221;Quem somos: Os teus especialistas em resolu\u00e7\u00e3o de lit\u00edgios comerciais no espa\u00e7o digital.  &#8221; button_one_text=&#8221;Segue-nos no LinkedIn&#8221; button_one_url=&#8221;https:\/\/www.linkedin.com\/company\/adroit-legal\/&#8221; _builder_version=&#8221;4.27.0&#8243; _module_preset=&#8221;default&#8221; background_color=&#8221;#001E77&#8243; custom_padding=&#8221;0px||||false|false&#8221; link_option_url_new_window=&#8221;on&#8221; global_colors_info=&#8221;{}&#8221;]<\/p>\n<p>&nbsp;<\/p>\n<p><span style=\"font-size: large;\">A ADROIT oferece resolu\u00e7\u00e3o extrajudicial de lit\u00edgios nos termos do Art. 21 da Lei dos Servi\u00e7os Digitais, bem como media\u00e7\u00e3o de acordo com o Art. 12 P2B. A ADROIT e todos os nossos decisores cumprem os crit\u00e9rios rigorosos estabelecidos pela DSA, no que respeita \u00e0 sua qualifica\u00e7\u00e3o e independ\u00eancia. A ADROIT presta servi\u00e7os em todo o mercado da UE.    <\/span><\/p>\n<p>[\/et_pb_fullwidth_header][\/et_pb_section][et_pb_section fb_built=&#8221;1&#8243; disabled_on=&#8221;off|off|off&#8221; _builder_version=&#8221;4.27.0&#8243; _module_preset=&#8221;default&#8221; global_colors_info=&#8221;{}&#8221;][et_pb_row _builder_version=&#8221;4.27.0&#8243; _module_preset=&#8221;default&#8221; global_colors_info=&#8221;{}&#8221;][et_pb_column type=&#8221;4_4&#8243; _builder_version=&#8221;4.27.0&#8243; _module_preset=&#8221;default&#8221; global_colors_info=&#8221;{}&#8221;][et_pb_heading title=&#8221;A nossa solu\u00e7\u00e3o tudo-em-um: Art. 21 Liquida\u00e7\u00e3o DSA e Art. 12 P2B Media\u00e7\u00e3o&#8221; _builder_version=&#8221;4.27.0&#8243; _module_preset=&#8221;default&#8221; global_colors_info=&#8221;{}&#8221;][\/et_pb_heading][et_pb_text _builder_version=&#8221;4.27.0&#8243; _module_preset=&#8221;default&#8221; global_colors_info=&#8221;{}&#8221;]<\/p>\n<p>O legislador europeu estabeleceu a resolu\u00e7\u00e3o alternativa de lit\u00edgios no Art. 21 da Lei dos Servi\u00e7os Digitais (Regulamento UE 2022\/2065), bem como no Art. 12 do Regulamento &#8220;P2B&#8221; (Regulamento UE 2019\/1150). Especialmente no que diz respeito a lit\u00edgios comerciais, muitas vezes \u00e9 por mero acaso que o lit\u00edgio deve ser resolvido ao abrigo do regime. Por isso, a ADROIT oferece tanto a resolu\u00e7\u00e3o extrajudicial de acordo com o DSA, como a media\u00e7\u00e3o de acordo com o Regulamento P2B. Embora o \u00e2mbito de aplica\u00e7\u00e3o do Regulamento P2B seja mais restrito, uma vez que &#8220;apenas&#8221; abrange lit\u00edgios entre as plataformas e os seus utilizadores profissionais, \u00e9 opini\u00e3o dominante na literatura jur\u00eddica que a sua aplica\u00e7\u00e3o tem preced\u00eancia. Assim, se o Regulamento P2B for aplic\u00e1vel, a resolu\u00e7\u00e3o de lit\u00edgios de acordo com o DSA pode ser subsidi\u00e1ria. Na pr\u00e1tica, a ADROIT avaliar\u00e1 se uma reclama\u00e7\u00e3o deve ser tratada ao abrigo do DSA ou do regime P2B, e informar\u00e1 as partes sobre qual o regulamento aplic\u00e1vel. Devido \u00e0 nossa oferta abrangente, os lit\u00edgios s\u00e3o normalmente admiss\u00edveis em qualquer um dos regimes.      <\/p>\n<p>[\/et_pb_text][\/et_pb_column][\/et_pb_row][et_pb_row column_structure=&#8221;1_2,1_2&#8243; custom_padding_last_edited=&#8221;on|phone&#8221; _builder_version=&#8221;4.27.0&#8243; _module_preset=&#8221;default&#8221; background_enable_color=&#8221;off&#8221; use_background_color_gradient=&#8221;on&#8221; background_color_gradient_stops=&#8221;#dcebfe 0%|rgba(220,235,254,0.3) 99%&#8221; custom_padding=&#8221;25px|25px|25px|25px|false|false&#8221; custom_padding_tablet=&#8221;25px|25px|25px|25px|false|false&#8221; custom_padding_phone=&#8221;10px|10px|10px|10px|false|false&#8221; border_radii=&#8221;on|15px|15px|15px|15px&#8221; box_shadow_style=&#8221;preset1&#8243; global_colors_info=&#8221;{}&#8221; background__hover_enabled=&#8221;on|hover&#8221; background_color_gradient_stops__hover=&#8221;#ffcc00 1%|rgba(220,235,254,0.3) 99%&#8221; use_background_color_gradient__hover=&#8221;on&#8221;][et_pb_column type=&#8221;1_2&#8243; _builder_version=&#8221;4.27.0&#8243; _module_preset=&#8221;default&#8221; global_colors_info=&#8221;{}&#8221;][et_pb_heading title=&#8221;Art. 21. Liquida\u00e7\u00e3o do DSA &#8221; _builder_version=&#8221;4.27.0&#8243; _module_preset=&#8221;default&#8221; global_colors_info=&#8221;{}&#8221;][\/et_pb_heading][et_pb_cta button_text=&#8221;Clica aqui&#8221; _builder_version=&#8221;4.27.0&#8243; _module_preset=&#8221;default&#8221; background_color=&#8221;#001E77&#8243; height_tablet=&#8221;auto&#8221; height_phone=&#8221;auto&#8221; height_last_edited=&#8221;on|phone&#8221; custom_margin=&#8221;|0px||0px|false|false&#8221; custom_padding_tablet=&#8221;&#8221; custom_padding_phone=&#8221;|10px||10px|false|false&#8221; custom_padding_last_edited=&#8221;on|phone&#8221; background_last_edited=&#8221;off|desktop&#8221; border_radii=&#8221;on|15px|15px|15px|15px&#8221; global_colors_info=&#8221;{}&#8221; background__hover_enabled=&#8221;on|hover&#8221; background_color__hover=&#8221;#002BAA&#8221; background_enable_color__hover=&#8221;on&#8221;]<\/p>\n<p style=\"text-align: left;\">A nossa compet\u00eancia para resolver lit\u00edgios enquanto organismo de resolu\u00e7\u00e3o extrajudicial de lit\u00edgios certificado nos termos do art. 21. 21 da Lei dos Servi\u00e7os Digitais, reside especialmente nas \u00e1reas de especializa\u00e7\u00e3o que s\u00e3o elaboradas abaixo. De acordo com a nossa licen\u00e7a, a ADROIT \u00e9 eleg\u00edvel para resolver lit\u00edgios relativos a decis\u00f5es contest\u00e1veis de plataformas de compras e reservas em linha, plataformas de partilha de conte\u00fados e de marketing orientado para conte\u00fados, plataformas de financiamento coletivo e de empr\u00e9stimos P2P, plataformas Web3, Defi, NFT e fintech, bem como plataformas de jogos de azar e apostas e plataformas e mercados de com\u00e9rcio B2B, B2C e P2P. <\/p>\n<p>[\/et_pb_cta][\/et_pb_column][et_pb_column type=&#8221;1_2&#8243; _builder_version=&#8221;4.27.0&#8243; _module_preset=&#8221;default&#8221; global_colors_info=&#8221;{}&#8221;][et_pb_heading title=&#8221;Art. 12 P2B Media\u00e7\u00e3o&#8221; _builder_version=&#8221;4.27.0&#8243; _module_preset=&#8221;default&#8221; global_colors_info=&#8221;{}&#8221;][\/et_pb_heading][et_pb_cta button_text=&#8221;Clica aqui&#8221; _builder_version=&#8221;4.27.0&#8243; _module_preset=&#8221;default&#8221; background_color=&#8221;#001E77&#8243; height_tablet=&#8221;auto&#8221; height_phone=&#8221;auto&#8221; height_last_edited=&#8221;on|tablet&#8221; custom_padding_tablet=&#8221;&#8221; custom_padding_phone=&#8221;|5px||5px|false|false&#8221; custom_padding_last_edited=&#8221;on|phone&#8221; border_radii=&#8221;on|15px|15px|15px|15px&#8221; global_colors_info=&#8221;{}&#8221; background__hover_enabled=&#8221;on|hover&#8221; background_color__hover=&#8221;#002BAA&#8221; background_enable_color__hover=&#8221;on&#8221;]<\/p>\n<p style=\"text-align: left;\">Para al\u00e9m de ser uma entidade de resolu\u00e7\u00e3o extrajudicial de lit\u00edgios certificada ao abrigo do DSA, os mediadores da ADROIT oferecem media\u00e7\u00e3o de acordo com o Art. 12 do  <span>Regulamento (UE) 2019\/1150 (Regulamento P2B). Especialmente no que respeita \u00e0 independ\u00eancia dos organismos, o DSA \u00e9 ainda mais rigoroso do que o P2B. A ADROIT pode, assim, oferecer uma abordagem hol\u00edstica \u00e0 resolu\u00e7\u00e3o de lit\u00edgios comerciais digitais, abrangendo todos os aspectos da regulamenta\u00e7\u00e3o europeia relativa \u00e0s plataformas\/mercados. De acordo com o regulamento P2B, as plataformas podem nomear dois mediadores nos seus termos e condi\u00e7\u00f5es, com os quais est\u00e3o dispostas a trabalhar. Na pr\u00e1tica, as plataformas nomeiam frequentemente organismos de media\u00e7\u00e3o.      <\/span><\/p>\n<p>[\/et_pb_cta][\/et_pb_column][\/et_pb_row][\/et_pb_section][et_pb_section fb_built=&#8221;1&#8243; _builder_version=&#8221;4.26.1&#8243; _module_preset=&#8221;default&#8221; background_image=&#8221;https:\/\/adroit.legal\/wp-content\/uploads\/2024\/07\/paralegal-06.jpg&#8221; parallax=&#8221;on&#8221; parallax_method=&#8221;off&#8221; global_colors_info=&#8221;{}&#8221;][et_pb_row column_structure=&#8221;1_3,2_3&#8243; _builder_version=&#8221;4.26.0&#8243; _module_preset=&#8221;default&#8221; global_colors_info=&#8221;{}&#8221;][et_pb_column type=&#8221;1_3&#8243; _builder_version=&#8221;4.26.0&#8243; _module_preset=&#8221;default&#8221; global_colors_info=&#8221;{}&#8221;][\/et_pb_column][et_pb_column type=&#8221;2_3&#8243; _builder_version=&#8221;4.26.0&#8243; _module_preset=&#8221;default&#8221; global_colors_info=&#8221;{}&#8221;][et_pb_heading title=&#8221;\u00c1reas de especializa\u00e7\u00e3o no \u00e2mbito da DSA:&#8221; _builder_version=&#8221;4.27.0&#8243; _module_preset=&#8221;default&#8221; title_text_color=&#8221;#011140&#8243; global_colors_info=&#8221;{}&#8221;][\/et_pb_heading][et_pb_accordion _builder_version=&#8221;4.26.0&#8243; _module_preset=&#8221;default&#8221; global_colors_info=&#8221;{}&#8221;][et_pb_accordion_item title=&#8221;Plataformas de compras e reservas em linha&#8221; open=&#8221;on&#8221; _builder_version=&#8221;4.26.0&#8243; _module_preset=&#8221;default&#8221; global_colors_info=&#8221;{}&#8221;]<\/p>\n<p>As plataformas de reserva s\u00e3o plataformas digitais que permitem aos utilizadores pesquisar, comparar e reservar diferentes tipos pesquisar, comparar e reservar diferentes tipos de servi\u00e7os, actividades ou alojamento online. de servi\u00e7os, actividades ou alojamento online. Estas plataformas actuam como intermedi\u00e1rias entre prestadores de servi\u00e7os e clientes, facilitam o processo de reserva e fornecem uma interface central para organizar marca\u00e7\u00f5es ou reservas. marca\u00e7\u00f5es ou reservas. O processo come\u00e7a quando os utilizadores se registam na plataforma de reservas e procuram os servi\u00e7os desejados. Isto pode incluir a reserva de quartos de hotel, voos, restaurantes, eventos, excurs\u00f5es ou outras actividades. Os prestadores de servi\u00e7os podem publicar regularmente a sua disponibilidade, pre\u00e7os e outras informa\u00e7\u00f5es na plataforma.     <\/p>\n<p>[\/et_pb_accordion_item][et_pb_accordion_item title=&#8221;Plataformas de partilha de conte\u00fados e de marketing orientado para os conte\u00fados&#8221; _builder_version=&#8221;4.26.0&#8243; _module_preset=&#8221;default&#8221; global_colors_info=&#8221;{}&#8221; open=&#8221;off&#8221;]<\/p>\n<p>As plataformas de partilha de conte\u00fados s\u00e3o plataformas em linha que permitem aos utilizadores carregar, partilhar e interagir com diferentes tipos de conte\u00fados, como fotografias, v\u00eddeos, m\u00fasica, trabalhos art\u00edsticos e muito mais. Estas plataformas funcionam como locais centralizados onde os utilizadores podem mostrar, descobrir e partilhar os seus trabalhos criativos com uma comunidade mais vasta. O processo come\u00e7a quando os utilizadores se registam na plataforma de partilha de conte\u00fados e criam uma conta. Depois de iniciarem sess\u00e3o, podem carregar os seus pr\u00f3prios conte\u00fados para a plataforma.   <\/p>\n<p>As redes sociais s\u00e3o plataformas em linha que permitem \u00e0s pessoas estabelecer rela\u00e7\u00f5es digitais, partilhar conte\u00fados, estabelecer rela\u00e7\u00f5es digitais, partilhar conte\u00fados, comunicar entre si e trocar informa\u00e7\u00f5es. O processo come\u00e7a quando um utilizador se inscreve numa rede social, cria um perfil e estabelece liga\u00e7\u00f5es com outros utilizadores, seja adicionando amigos, seguindo contas ou juntando-se a grupos. grupos. A plataforma oferece depois v\u00e1rias fun\u00e7\u00f5es que permitem aos utilizadores partilhar conte\u00fados, comentar publica\u00e7\u00f5es, trocar mensagens e acompanhar actividades em tempo real.<br \/>acompanhar actividades em tempo real. As redes sociais permitem aos utilizadores partilhar fotografias, v\u00eddeos, actualiza\u00e7\u00f5es de estado e liga\u00e7\u00f5es. e liga\u00e7\u00f5es. As actividades dos utilizadores s\u00e3o muitas vezes agregadas num newsfeed ou painel de controlo onde podem ver as \u00faltimas publica\u00e7\u00f5es dos seus amigos e contactos. Os algoritmos da plataforma decidem frequentemente que conte\u00fado \u00e9 apresentado no newsfeed com base nas intera\u00e7\u00f5es e prefer\u00eancias dos utilizadores.       <\/p>\n<p>[\/et_pb_accordion_item][et_pb_accordion_item title=&#8221;Crowdfunding e empr\u00e9stimos P2P&#8221; _builder_version=&#8221;4.26.0&#8243; _module_preset=&#8221;default&#8221; global_colors_info=&#8221;{}&#8221; open=&#8221;off&#8221;]<\/p>\n<p>Os servi\u00e7os de crowdfunding s\u00e3o plataformas online que permitem a indiv\u00edduos, empres\u00e1rios ou organiza\u00e7\u00f5es angariar apoio financeiro de um grande n\u00famero de pessoas, para financiar projectos, ideias ou campanhas. Estas plataformas funcionam como intermedi\u00e1rios entre os que procuram financiamento (iniciadores de projectos) e os que est\u00e3o dispostos a doar ou investir dinheiro (apoiantes), para doar ou investir dinheiro (apoiantes). O processo come\u00e7a quando o promotor do projeto se regista na plataforma de crowdfunding e cria uma campanha. Nesta campanha, d\u00e1 pormenores sobre o projeto, o objetivo de financiamento, o prazo e as poss\u00edveis recompensas ou contrapartidas oferecidas aos apoiantes. A campanha pode incluir qualquer coisa, desde projectos criativos, como produ\u00e7\u00f5es musicais ou cinematogr\u00e1ficas, a iniciativas sociais, inova\u00e7\u00f5es tecnol\u00f3gicas ou ideias de neg\u00f3cio. A forma como os servi\u00e7os de crowdfunding funcionam baseia-se no facto de os apoiantes fazerem contribui\u00e7\u00f5es monet\u00e1rias para financiar o projeto.     <\/p>\n<p>[\/et_pb_accordion_item][et_pb_accordion_item title=&#8221;Plataformas e protocolos Web3, Defi, NFT e Fintech&#8221; _builder_version=&#8221;4.26.0&#8243; _module_preset=&#8221;default&#8221; global_colors_info=&#8221;{}&#8221; open=&#8221;off&#8221;]<\/p>\n<p>A ADROIT resolve resolu\u00e7\u00f5es relativas a produtos de inova\u00e7\u00e3o financeira, no entanto, especialmente neste dom\u00ednio da nossa compet\u00eancia, deve ser determinado caso a caso se a plataforma se qualifica como uma plataforma em linha na ace\u00e7\u00e3o da Lei dos Servi\u00e7os Digitais.  <\/p>\n<p>[\/et_pb_accordion_item][et_pb_accordion_item title=&#8221;Plataformas de jogos, apostas e jogos de azar&#8221; _builder_version=&#8221;4.26.0&#8243; _module_preset=&#8221;default&#8221; global_colors_info=&#8221;{}&#8221; open=&#8221;off&#8221;]<\/p>\n<p>O alojamento de servidores de jogos \u00e9 um servi\u00e7o que permite aos criadores de jogos e \u00e0s comunidades de jogos tornar os jogos online acess\u00edveis, fornecendo e gerindo servidores para experi\u00eancias multijogador. Este servi\u00e7o fornece a infraestrutura necess\u00e1ria para que os jogadores possam interagir uns com os outros. O processo come\u00e7a quando um criador de jogos ou uma comunidade de jogos escolhe o alojamento de servidores de jogos.  <\/p>\n<p>\u00c9 muito prov\u00e1vel que tais servi\u00e7os sejam abrangidos pelo \u00e2mbito de aplica\u00e7\u00e3o do ASD, especialmente quando os jogadores podem efetuar compras no jogo a terceiros atrav\u00e9s de um mercado integrado.  <\/p>\n<p>&nbsp;<\/p>\n<p>[\/et_pb_accordion_item][et_pb_accordion_item title=&#8221;Plataformas e mercados de com\u00e9rcio B2B, B2C e P2P&#8221; _builder_version=&#8221;4.26.0&#8243; _module_preset=&#8221;default&#8221; global_colors_info=&#8221;{}&#8221; open=&#8221;off&#8221;]<\/p>\n<p>Os mercados em linha s\u00e3o plataformas digitais nas quais os vendedores podem comercializar e vender os seus produtos ou servi\u00e7os a potenciais compradores. Estas plataformas criam um ambiente virtual que permite \u00e0s empresas e aos indiv\u00edduos negociar sem estarem fisicamente presentes num determinado local. O processo come\u00e7a quando os vendedores se registam no mercado em linha e listam os seus produtos ou servi\u00e7os. Estes podem incluir uma vasta gama de bens, desde a eletr\u00f3nica ao vestu\u00e1rio, passando pelo artesanato, ou mesmo servi\u00e7os como o alojamento ou o transporte. Os compradores, por sua vez, podem registar-se na plataforma, procurar produtos e encomend\u00e1-los conforme necess\u00e1rio. O funcionamento dos mercados em linha baseia-se na cria\u00e7\u00e3o de perfis para vendedores e compradores, onde s\u00e3o fornecidas informa\u00e7\u00f5es sobre os produtos em oferta, pre\u00e7os, cr\u00edticas e outros pormenores relevantes. Os compradores podem navegar na plataforma, comparar produtos, ler cr\u00edticas e efetuar as suas compras. As plataformas oferecem frequentemente op\u00e7\u00f5es de pagamento seguras para facilitar as transac\u00e7\u00f5es entre compradores e vendedores.       <\/p>\n<p>[\/et_pb_accordion_item][\/et_pb_accordion][\/et_pb_column][\/et_pb_row][\/et_pb_section][et_pb_section fb_built=&#8221;1&#8243; fullwidth=&#8221;on&#8221; _builder_version=&#8221;4.27.0&#8243; _module_preset=&#8221;default&#8221; background_color=&#8221;#001E77&#8243; global_colors_info=&#8221;{}&#8221;][et_pb_fullwidth_header title=&#8221;A tua empresa corresponde a uma das descri\u00e7\u00f5es comerciais acima?  &#8221; button_one_text=&#8221;Contacta-nos aqui&#8221; button_one_url=&#8221;https:\/\/adroit.legal\/subscription\/&#8221; _builder_version=&#8221;4.27.0&#8243; _module_preset=&#8221;default&#8221; background_enable_color=&#8221;off&#8221; link_option_url=&#8221;https:\/\/adroit.legal\/business-contact-subscription\/&#8221; link_option_url_new_window=&#8221;on&#8221; global_colors_info=&#8221;{}&#8221;]<\/p>\n<p>&nbsp;<\/p>\n<p>&nbsp;<\/p>\n<p>[\/et_pb_fullwidth_header][\/et_pb_section]<\/p>\n","protected":false},"excerpt":{"rendered":"<p>&nbsp; A ADROIT oferece resolu\u00e7\u00e3o extrajudicial de lit\u00edgios nos termos do Art. 21 da Lei dos Servi\u00e7os Digitais, bem como media\u00e7\u00e3o de acordo com o Art. 12 P2B. A ADROIT e todos os nossos decisores cumprem os crit\u00e9rios rigorosos estabelecidos pela DSA, no que respeita \u00e0 sua qualifica\u00e7\u00e3o e independ\u00eancia. A ADROIT presta servi\u00e7os em todo o mercado da UE. O legislador europeu estabeleceu a resolu\u00e7\u00e3o alternativa de lit\u00edgios no Art. 21 da Lei dos Servi\u00e7os Digitais (Regulamento UE 2022\/2065), bem como no Art. 12 do Regulamento &#8220;P2B&#8221; (Regulamento UE 2019\/1150). Especialmente no que diz respeito a lit\u00edgios comerciais, muitas vezes \u00e9 por mero acaso que o lit\u00edgio deve ser resolvido ao abrigo do regime. Por isso, a ADROIT oferece tanto a resolu\u00e7\u00e3o extrajudicial de acordo com o DSA, como a media\u00e7\u00e3o de acordo com o Regulamento P2B. Embora o \u00e2mbito de aplica\u00e7\u00e3o do Regulamento P2B seja mais restrito, uma vez que &#8220;apenas&#8221; abrange lit\u00edgios entre as plataformas e os seus utilizadores profissionais, \u00e9 opini\u00e3o dominante na literatura jur\u00eddica que a sua aplica\u00e7\u00e3o tem preced\u00eancia. Assim, se o Regulamento P2B for aplic\u00e1vel, a resolu\u00e7\u00e3o de lit\u00edgios de acordo com o DSA pode ser subsidi\u00e1ria. Na pr\u00e1tica, a ADROIT avaliar\u00e1 se [&hellip;]<\/p>\n","protected":false},"author":2,"featured_media":0,"parent":0,"menu_order":0,"comment_status":"closed","ping_status":"closed","template":"","meta":{"_et_pb_use_builder":"on","_et_pb_old_content":"","_et_gb_content_width":"","om_disable_all_campaigns":false,"_monsterinsights_skip_tracking":false,"_monsterinsights_sitenote_active":false,"_monsterinsights_sitenote_note":"","_monsterinsights_sitenote_category":0,"footnotes":""},"class_list":["post-336515","page","type-page","status-publish","hentry"],"aioseo_notices":[],"_links":{"self":[{"href":"https:\/\/adroit.legal\/pt-pt\/wp-json\/wp\/v2\/pages\/336515","targetHints":{"allow":["GET"]}}],"collection":[{"href":"https:\/\/adroit.legal\/pt-pt\/wp-json\/wp\/v2\/pages"}],"about":[{"href":"https:\/\/adroit.legal\/pt-pt\/wp-json\/wp\/v2\/types\/page"}],"author":[{"embeddable":true,"href":"https:\/\/adroit.legal\/pt-pt\/wp-json\/wp\/v2\/users\/2"}],"replies":[{"embeddable":true,"href":"https:\/\/adroit.legal\/pt-pt\/wp-json\/wp\/v2\/comments?post=336515"}],"version-history":[{"count":2,"href":"https:\/\/adroit.legal\/pt-pt\/wp-json\/wp\/v2\/pages\/336515\/revisions"}],"predecessor-version":[{"id":336517,"href":"https:\/\/adroit.legal\/pt-pt\/wp-json\/wp\/v2\/pages\/336515\/revisions\/336517"}],"wp:attachment":[{"href":"https:\/\/adroit.legal\/pt-pt\/wp-json\/wp\/v2\/media?parent=336515"}],"curies":[{"name":"wp","href":"https:\/\/api.w.org\/{rel}","templated":true}]}}