{"id":336554,"date":"2024-07-14T16:09:09","date_gmt":"2024-07-14T16:09:09","guid":{"rendered":"https:\/\/adroit.legal\/kuntatt\/"},"modified":"2024-10-25T12:48:11","modified_gmt":"2024-10-25T12:48:11","slug":"kuntatt","status":"publish","type":"page","link":"https:\/\/adroit.legal\/mt\/kuntatt\/","title":{"rendered":"Kuntatt"},"content":{"rendered":"<p>[et_pb_section fb_built=&#8221;1&#8243; fullwidth=&#8221;on&#8221; admin_label=&#8221;Section&#8221; _builder_version=&#8221;4.27.0&#8243; _module_preset=&#8221;default&#8221; background_color=&#8221;#001E77&#8243; custom_margin=&#8221;-80px||||false|false&#8221; custom_margin_tablet=&#8221;0px||||false|false&#8221; custom_margin_phone=&#8221;0px||||false|false&#8221; custom_margin_last_edited=&#8221;on|phone&#8221; custom_padding=&#8221;0px||||false|false&#8221; global_colors_info=&#8221;{}&#8221;][et_pb_fullwidth_header title=&#8221;Inti l-Fornitur ta&#039; Pjattaforma Online jew b&#039;xi mod ie\u0127or interessat fis-Servizzi tag\u0127na?  &#8221; button_one_text=&#8221;Iffajlja Talba&#8221; button_one_url=&#8221;https:\/\/adroit.legal\/file_a_claim\/&#8221; admin_label=&#8221;Fullwidth Header&#8221; _builder_version=&#8221;4.27.0&#8243; _module_preset=&#8221;default&#8221; title_font=&#8221;Abel||||||||&#8221; content_font=&#8221;Abel||||||||&#8221; background_enable_color=&#8221;off&#8221; custom_margin=&#8221;75px||||false|false&#8221; custom_margin_tablet=&#8221;-60px||||false|false&#8221; custom_margin_phone=&#8221;-60px||||false|false&#8221; custom_margin_last_edited=&#8221;on|desktop&#8221; custom_padding=&#8221;110px||||false|false&#8221; link_option_url_new_window=&#8221;on&#8221; scroll_scaling=&#8221;0|50|50|100|100%|105%|100%&#8221; inline_fonts=&#8221;Abel&#8221; global_colors_info=&#8221;{}&#8221;]<\/p>\n<p><span style=\"font-family: Abel;\"> <\/span><\/p>\n<p><span style=\"font-family: Abel;\">It-twaqqif ta&#8217; Soluzzjoni ta&#8217; Tilwim konformi mal-Art. 21 L-Att dwar is-Servizzi Di\u0121itali huwa fattur ewlieni li g\u0127andek f&#8217;mo\u0127\u0127ok meta tag\u0127mel id-DSA tal-Pjattaforma Online tieg\u0127ek konformi. A\u0127na kuntenti li ng\u0127inuk biex ni\u017cguraw li n-negozju tieg\u0127ek jikkonforma mal-obbligu tieg\u0127u ta\u0127t l-Art. 21 DSA. <\/span><\/p>\n<p><span style=\"font-family: Abel;\"> <\/span><\/p>\n<p><span style=\"font-family: Abel;\">Jekk m&#8217;intix il-fornitur ta&#8217; Pjattaforma Online u tixtieq tikkuntattjana g\u0127al ra\u0121unijiet o\u0127ra, int mistieden li tag\u0127mel dan.<\/span><\/p>\n<p><span style=\"font-family: Abel;\"><\/span><\/p>\n<p><span style=\"font-family: Abel;\"><\/span><\/p>\n<p><span style=\"font-family: Abel;\"><\/span><\/p>\n<p><span style=\"font-family: Abel;\"><\/span><\/p>\n<p><span style=\"font-family: Abel;\"><\/span><\/p>\n<p><span style=\"font-family: Abel;\"><\/span><\/p>\n<p><span style=\"font-family: Abel;\"><\/span><\/p>\n<p><span style=\"font-family: Abel;\"><\/span><\/p>\n<h2><span style=\"color: #ffcc00;\"><\/span><\/h2>\n<h2><span style=\"color: #ffcc00;\">Motivi Nota: Din <span style=\"text-decoration: underline;\">MHIX<\/span> il-Formola ta&#8217; Kuntatt biex jintbag\u0127at Ilment<\/span> <span style=\"color: #ffcc00;\">!<\/span> <\/h2>\n<p><span style=\"color: #ffcc00;\"><\/span><\/p>\n<p><span style=\"color: #ffcc00;\"><\/span><\/p>\n<p>[\/et_pb_fullwidth_header][\/et_pb_section][et_pb_section fb_built=&#8221;1&#8243; admin_label=&#8221;Section&#8221; _builder_version=&#8221;4.26.0&#8243; _module_preset=&#8221;default&#8221; background_enable_color=&#8221;off&#8221; background_enable_image=&#8221;off&#8221; global_colors_info=&#8221;{}&#8221;][et_pb_row _builder_version=&#8221;4.26.0&#8243; _module_preset=&#8221;default&#8221; global_colors_info=&#8221;{}&#8221;][et_pb_column type=&#8221;4_4&#8243; _builder_version=&#8221;4.26.0&#8243; _module_preset=&#8221;default&#8221; global_colors_info=&#8221;{}&#8221;][et_pb_heading title=&#8221;Ikkuntattja:  &#8221; _builder_version=&#8221;4.26.0&#8243; _module_preset=&#8221;default&#8221; global_colors_info=&#8221;{}&#8221;][\/et_pb_heading][et_pb_text _builder_version=&#8221;4.26.0&#8243; _module_preset=&#8221;default&#8221; global_colors_info=&#8221;{}&#8221;]<\/p>\n<p>Jekk jog\u0127\u0121bok u\u017ca l-formola ta&#8217; kuntatt li \u0121ejja sabiex tag\u0127mel kuntatt mag\u0127na, jew biex tniedi kooperazzjoni ma&#8217; ADROIT fir-rigward tas-soluzzjoni ta&#8217; Tilwim konformi mad-DSA ma&#8217; utenti tal-pjattaforma online tieg\u0127ek.  <\/p>\n<p>[\/et_pb_text][et_pb_contact_form email=&#8221;info@adroit.legal, loennecker@adroit.legal, stockhausen@adroit.legal, info@rgoal.org, loennecker@rgoal.org, wegert@rgoal.org, stockhausen@rgoal.org&#8221; success_message=&#8221;Il-messa\u0121\u0121 tieg\u0127ek \u0121ie ri\u010bevut! A\u0127na ser ner\u0121g\u0127u lura lilek dalwaqt. &#8221; submit_button_text=&#8221;Tnedija Inkjesta&#8221; _builder_version=&#8221;4.27.0&#8243; _module_preset=&#8221;default&#8221; _unique_id=&#8221;503f08ed-aaed-42fe-906c-28686ca73aca&#8221; background_color=&#8221;#FFFFFF&#8221; custom_button=&#8221;on&#8221; button_text_color=&#8221;#033F8D&#8221; hover_enabled=&#8221;0&#8243; global_colors_info=&#8221;{}&#8221; sticky_enabled=&#8221;0&#8243;][et_pb_contact_field field_id=&#8221;Name&#8221; field_title=&#8221;Isem&#8221; _builder_version=&#8221;4.16&#8243; global_colors_info=&#8221;{}&#8221; button_text_size__hover_enabled=&#8221;off&#8221; button_one_text_size__hover_enabled=&#8221;off&#8221; button_two_text_size__hover_enabled=&#8221;off&#8221; button_text_color__hover_enabled=&#8221;off&#8221; button_one_text_color__hover_enabled=&#8221;off&#8221; button_two_text_color__hover_enabled=&#8221;off&#8221; button_border_width__hover_enabled=&#8221;off&#8221; button_one_border_width__hover_enabled=&#8221;off&#8221; button_two_border_width__hover_enabled=&#8221;off&#8221; button_border_color__hover_enabled=&#8221;off&#8221; button_one_border_color__hover_enabled=&#8221;off&#8221; button_two_border_color__hover_enabled=&#8221;off&#8221; button_border_radius__hover_enabled=&#8221;off&#8221; button_one_border_radius__hover_enabled=&#8221;off&#8221; button_two_border_radius__hover_enabled=&#8221;off&#8221; button_letter_spacing__hover_enabled=&#8221;off&#8221; button_one_letter_spacing__hover_enabled=&#8221;off&#8221; button_two_letter_spacing__hover_enabled=&#8221;off&#8221; button_bg_color__hover_enabled=&#8221;off&#8221; button_one_bg_color__hover_enabled=&#8221;off&#8221; button_two_bg_color__hover_enabled=&#8221;off&#8221;][\/et_pb_contact_field][et_pb_contact_field field_id=&#8221;Surname&#8221; field_title=&#8221;Kunjom&#8221; _builder_version=&#8221;4.26.0&#8243; global_colors_info=&#8221;{}&#8221; button_text_size__hover_enabled=&#8221;off&#8221; button_one_text_size__hover_enabled=&#8221;off&#8221; button_two_text_size__hover_enabled=&#8221;off&#8221; button_text_color__hover_enabled=&#8221;off&#8221; button_one_text_color__hover_enabled=&#8221;off&#8221; button_two_text_color__hover_enabled=&#8221;off&#8221; button_border_width__hover_enabled=&#8221;off&#8221; button_one_border_width__hover_enabled=&#8221;off&#8221; button_two_border_width__hover_enabled=&#8221;off&#8221; button_border_color__hover_enabled=&#8221;off&#8221; button_one_border_color__hover_enabled=&#8221;off&#8221; button_two_border_color__hover_enabled=&#8221;off&#8221; button_border_radius__hover_enabled=&#8221;off&#8221; button_one_border_radius__hover_enabled=&#8221;off&#8221; button_two_border_radius__hover_enabled=&#8221;off&#8221; button_letter_spacing__hover_enabled=&#8221;off&#8221; button_one_letter_spacing__hover_enabled=&#8221;off&#8221; button_two_letter_spacing__hover_enabled=&#8221;off&#8221; button_bg_color__hover_enabled=&#8221;off&#8221; button_one_bg_color__hover_enabled=&#8221;off&#8221; button_two_bg_color__hover_enabled=&#8221;off&#8221;][\/et_pb_contact_field][et_pb_contact_field field_id=&#8221;Email&#8221; field_title=&#8221;Indirizz elettroniku&#8221; field_type=&#8221;email&#8221; _builder_version=&#8221;4.16&#8243; global_colors_info=&#8221;{}&#8221; button_text_size__hover_enabled=&#8221;off&#8221; button_one_text_size__hover_enabled=&#8221;off&#8221; button_two_text_size__hover_enabled=&#8221;off&#8221; button_text_color__hover_enabled=&#8221;off&#8221; button_one_text_color__hover_enabled=&#8221;off&#8221; button_two_text_color__hover_enabled=&#8221;off&#8221; button_border_width__hover_enabled=&#8221;off&#8221; button_one_border_width__hover_enabled=&#8221;off&#8221; button_two_border_width__hover_enabled=&#8221;off&#8221; button_border_color__hover_enabled=&#8221;off&#8221; button_one_border_color__hover_enabled=&#8221;off&#8221; button_two_border_color__hover_enabled=&#8221;off&#8221; button_border_radius__hover_enabled=&#8221;off&#8221; button_one_border_radius__hover_enabled=&#8221;off&#8221; button_two_border_radius__hover_enabled=&#8221;off&#8221; button_letter_spacing__hover_enabled=&#8221;off&#8221; button_one_letter_spacing__hover_enabled=&#8221;off&#8221; button_two_letter_spacing__hover_enabled=&#8221;off&#8221; button_bg_color__hover_enabled=&#8221;off&#8221; button_one_bg_color__hover_enabled=&#8221;off&#8221; button_two_bg_color__hover_enabled=&#8221;off&#8221;][\/et_pb_contact_field][et_pb_contact_field field_id=&#8221;Your_Message&#8221; field_title=&#8221;Il-Messa\u0121\u0121 Tieg\u0127ek&#8221; field_type=&#8221;text&#8221; fullwidth_field=&#8221;on&#8221; _builder_version=&#8221;4.26.0&#8243; global_colors_info=&#8221;{}&#8221; button_text_size__hover_enabled=&#8221;off&#8221; button_one_text_size__hover_enabled=&#8221;off&#8221; button_two_text_size__hover_enabled=&#8221;off&#8221; button_text_color__hover_enabled=&#8221;off&#8221; button_one_text_color__hover_enabled=&#8221;off&#8221; button_two_text_color__hover_enabled=&#8221;off&#8221; button_border_width__hover_enabled=&#8221;off&#8221; button_one_border_width__hover_enabled=&#8221;off&#8221; button_two_border_width__hover_enabled=&#8221;off&#8221; button_border_color__hover_enabled=&#8221;off&#8221; button_one_border_color__hover_enabled=&#8221;off&#8221; button_two_border_color__hover_enabled=&#8221;off&#8221; button_border_radius__hover_enabled=&#8221;off&#8221; button_one_border_radius__hover_enabled=&#8221;off&#8221; button_two_border_radius__hover_enabled=&#8221;off&#8221; button_letter_spacing__hover_enabled=&#8221;off&#8221; button_one_letter_spacing__hover_enabled=&#8221;off&#8221; button_two_letter_spacing__hover_enabled=&#8221;off&#8221; button_bg_color__hover_enabled=&#8221;off&#8221; button_one_bg_color__hover_enabled=&#8221;off&#8221; button_two_bg_color__hover_enabled=&#8221;off&#8221;][\/et_pb_contact_field][et_pb_contact_field field_id=&#8221;Purpose_of_Contact&#8221; field_title=&#8221;G\u0127an tal-Kuntatt&#8221; field_type=&#8221;select&#8221; select_options=&#8221;%91{%22value%22:%22Fornitur ta&#039; Abbonament ADR Online-Platform%22,%22checked%22:0,%22dragID%22:-1},{%22value%22:%22Inkjesta \u0120enerali%22,%22checked%22:0,%22dragID%22:0},{%22value%22:%22Ag\u0127fas%22,%22checked%22:0,%22dragID%22:1}%93&#8243; fullwidth_field=&#8221;on&#8221; _builder_version=&#8221;4.26.0&#8243; _module_preset=&#8221;default&#8221; global_colors_info=&#8221;{}&#8221;][\/et_pb_contact_field][et_pb_contact_field field_id=&#8221;Where_did_you_find_out_about_ADROIT?&#8221; field_title=&#8221;Fejn sirt taf dwar ADROIT?  &#8221; required_mark=&#8221;off&#8221; fullwidth_field=&#8221;on&#8221; _builder_version=&#8221;4.27.0&#8243; _module_preset=&#8221;default&#8221; global_colors_info=&#8221;{}&#8221;][\/et_pb_contact_field][\/et_pb_contact_form][\/et_pb_column][\/et_pb_row][\/et_pb_section][et_pb_section fb_built=&#8221;1&#8243; _builder_version=&#8221;4.26.0&#8243; _module_preset=&#8221;default&#8221; background_color=&#8221;#DCEBFE&#8221; global_colors_info=&#8221;{}&#8221;][et_pb_row column_structure=&#8221;2_3,1_3&#8243; _builder_version=&#8221;4.26.0&#8243; _module_preset=&#8221;default&#8221; global_colors_info=&#8221;{}&#8221;][et_pb_column type=&#8221;2_3&#8243; _builder_version=&#8221;4.26.0&#8243; _module_preset=&#8221;default&#8221; global_colors_info=&#8221;{}&#8221;][et_pb_map disabled_on=&#8221;on|on|on&#8221; _builder_version=&#8221;4.26.0&#8243; _module_preset=&#8221;default&#8221; disabled global_colors_info=&#8221;{}&#8221;][\/et_pb_map][\/et_pb_column][et_pb_column type=&#8221;1_3&#8243; _builder_version=&#8221;4.26.0&#8243; _module_preset=&#8221;default&#8221; global_colors_info=&#8221;{}&#8221;][et_pb_heading title=&#8221;L-Uffi\u010b\u010bju tag\u0127na&#8221; _builder_version=&#8221;4.26.0&#8243; _module_preset=&#8221;default&#8221; global_colors_info=&#8221;{}&#8221;][\/et_pb_heading][et_pb_text _builder_version=&#8221;4.26.0&#8243; _module_preset=&#8221;default&#8221; global_colors_info=&#8221;{}&#8221;]<\/p>\n<div><span style=\"font-size: large;\">Uffi\u010b\u010bju 6, The Westin<\/span><br \/><span style=\"font-size: large;\">Dragonara Road<\/span><br \/><span style=\"font-size: large;\">San \u0120iljan STJ 3143, Malta<\/span><\/div>\n<p>[\/et_pb_text][\/et_pb_column][\/et_pb_row][\/et_pb_section]<\/p>\n","protected":false},"excerpt":{"rendered":"<p>It-twaqqif ta&#8217; Soluzzjoni ta&#8217; Tilwim konformi mal-Art. 21 L-Att dwar is-Servizzi Di\u0121itali huwa fattur ewlieni li g\u0127andek f&#8217;mo\u0127\u0127ok meta tag\u0127mel id-DSA tal-Pjattaforma Online tieg\u0127ek konformi. A\u0127na kuntenti li ng\u0127inuk biex ni\u017cguraw li n-negozju tieg\u0127ek jikkonforma mal-obbligu tieg\u0127u ta\u0127t l-Art. 21 DSA. Jekk m&#8217;intix il-fornitur ta&#8217; Pjattaforma Online u tixtieq tikkuntattjana g\u0127al ra\u0121unijiet o\u0127ra, int mistieden li tag\u0127mel dan. Motivi Nota: Din MHIX il-Formola ta&#8217; Kuntatt biex jintbag\u0127at Ilment ! Jekk jog\u0127\u0121bok u\u017ca l-formola ta&#8217; kuntatt li \u0121ejja sabiex tag\u0127mel kuntatt mag\u0127na, jew biex tniedi kooperazzjoni ma&#8217; ADROIT fir-rigward tas-soluzzjoni ta&#8217; Tilwim konformi mad-DSA ma&#8217; utenti tal-pjattaforma online tieg\u0127ek. Uffi\u010b\u010bju 6, The WestinDragonara RoadSan \u0120iljan STJ 3143, Malta<\/p>\n","protected":false},"author":2,"featured_media":0,"parent":0,"menu_order":0,"comment_status":"closed","ping_status":"closed","template":"","meta":{"_et_pb_use_builder":"on","_et_pb_old_content":"","_et_gb_content_width":"","om_disable_all_campaigns":false,"_monsterinsights_skip_tracking":false,"_monsterinsights_sitenote_active":false,"_monsterinsights_sitenote_note":"","_monsterinsights_sitenote_category":0,"footnotes":""},"class_list":["post-336554","page","type-page","status-publish","hentry"],"aioseo_notices":[],"_links":{"self":[{"href":"https:\/\/adroit.legal\/mt\/wp-json\/wp\/v2\/pages\/336554","targetHints":{"allow":["GET"]}}],"collection":[{"href":"https:\/\/adroit.legal\/mt\/wp-json\/wp\/v2\/pages"}],"about":[{"href":"https:\/\/adroit.legal\/mt\/wp-json\/wp\/v2\/types\/page"}],"author":[{"embeddable":true,"href":"https:\/\/adroit.legal\/mt\/wp-json\/wp\/v2\/users\/2"}],"replies":[{"embeddable":true,"href":"https:\/\/adroit.legal\/mt\/wp-json\/wp\/v2\/comments?post=336554"}],"version-history":[{"count":2,"href":"https:\/\/adroit.legal\/mt\/wp-json\/wp\/v2\/pages\/336554\/revisions"}],"predecessor-version":[{"id":336556,"href":"https:\/\/adroit.legal\/mt\/wp-json\/wp\/v2\/pages\/336554\/revisions\/336556"}],"wp:attachment":[{"href":"https:\/\/adroit.legal\/mt\/wp-json\/wp\/v2\/media?parent=336554"}],"curies":[{"name":"wp","href":"https:\/\/api.w.org\/{rel}","templated":true}]}}