{"id":336521,"date":"2024-07-14T15:57:26","date_gmt":"2024-07-14T15:57:26","guid":{"rendered":"https:\/\/adroit.legal\/dwarna\/"},"modified":"2024-10-24T10:34:56","modified_gmt":"2024-10-24T10:34:56","slug":"dwarna","status":"publish","type":"page","link":"https:\/\/adroit.legal\/mt\/dwarna\/","title":{"rendered":"Dwarna"},"content":{"rendered":"<p>[et_pb_section fb_built=&#8221;1&#8243; fullwidth=&#8221;on&#8221; _builder_version=&#8221;4.27.0&#8243; _module_preset=&#8221;default&#8221; background_color=&#8221;#001E77&#8243; position_origin_r=&#8221;bottom_left&#8221; custom_margin=&#8221;-100px||||false|false&#8221; custom_margin_tablet=&#8221;0px||||false|false&#8221; custom_margin_phone=&#8221;0px||||false|false&#8221; custom_margin_last_edited=&#8221;on|desktop&#8221; custom_padding=&#8221;150px||||false|false&#8221; global_colors_info=&#8221;{}&#8221;][et_pb_fullwidth_header title=&#8221;Min a\u0127na: L-Esperti Tieg\u0127ek g\u0127as-Soluzzjoni ta\u2019 Tilwim Kummer\u010bjali fl-ispazju di\u0121itali.  &#8221; button_one_text=&#8221;Segwina fuq LinkedIn&#8221; button_one_url=&#8221;https:\/\/www.linkedin.com\/company\/adroit-legal\/&#8221; _builder_version=&#8221;4.27.0&#8243; _module_preset=&#8221;default&#8221; background_color=&#8221;#001E77&#8243; custom_padding=&#8221;0px||||false|false&#8221; link_option_url_new_window=&#8221;on&#8221; global_colors_info=&#8221;{}&#8221;]<\/p>\n<p>&nbsp;<\/p>\n<p><span style=\"font-size: large;\">ADROIT toffri Settlement barra mill-Qorti skont l-Art. 21 tal-Att dwar is-Servizzi Di\u0121itali, kif ukoll il-Medjazzjoni skont l-Art. 12 P2B. ADROIT, u dawk kollha li jfasslu d-de\u010bi\u017cjonijiet tag\u0127na jissodisfaw il-kriterji stretti stabbiliti mid-DSA, rigward il-kwalifika u l-indipendenza tag\u0127hom. ADROIT jipprovdi servizzi fis-Suq kollu tal-UE.    <\/span><\/p>\n<p>[\/et_pb_fullwidth_header][\/et_pb_section][et_pb_section fb_built=&#8221;1&#8243; disabled_on=&#8221;off|off|off&#8221; _builder_version=&#8221;4.27.0&#8243; _module_preset=&#8221;default&#8221; global_colors_info=&#8221;{}&#8221;][et_pb_row _builder_version=&#8221;4.27.0&#8243; _module_preset=&#8221;default&#8221; global_colors_info=&#8221;{}&#8221;][et_pb_column type=&#8221;4_4&#8243; _builder_version=&#8221;4.27.0&#8243; _module_preset=&#8221;default&#8221; global_colors_info=&#8221;{}&#8221;][et_pb_heading title=&#8221;Is-Soluzzjoni All-in-one tag\u0127na: Art. 21 Settlement DSA u Art. 12 Medjazzjoni P2B&#8221; _builder_version=&#8221;4.27.0&#8243; _module_preset=&#8221;default&#8221; global_colors_info=&#8221;{}&#8221;][\/et_pb_heading][et_pb_text _builder_version=&#8221;4.27.0&#8243; _module_preset=&#8221;default&#8221; global_colors_info=&#8221;{}&#8221;]<\/p>\n<p>Il-le\u0121i\u017clatur Ewropew stabbilixxa soluzzjoni alternattiva tat-tilwim fi \u0127dan l-Art. 21 tal-Att dwar is-Servizzi Di\u0121itali (Regolament UE 2022\/2065), kif ukoll l-Art. 12 tar-Regolament &#8220;P2B&#8221; (Regolament UE 2019\/1150). Spe\u010bjalment fir-rigward ta&#8217; tilwim kummer\u010bjali, \u0127afna drabi huwa b&#8217;kumbinazzjoni ta\u0127t liema re\u0121im it-tilwima g\u0127andha ti\u0121i ri\u017colta. ADROIT g\u0127alhekk joffri kemm Soluzzjoni barra mill-Qorti skont id-DSA, kif ukoll Medjazzjoni skont ir-Regolament P2B. Anki jekk l-ambitu tar-regolament P2B huwa idjaq, peress li jkopri &#8220;biss&#8221; tilwim bejn Pjattaformi u l-Utenti-Negozjali tag\u0127hom, hija l-opinjoni prevalenti fil-letteratura legali li l-applikazzjoni tieg\u0127u tie\u0127u pre\u010bedent. G\u0127alhekk, jekk ir-Regolament P2B ikun applikabbli, is-saldu skont id-DSA jista&#8217; jkun sussidjarju. Fil-prattika, ADROIT se tevalwa jekk talba g\u0127andhiex ti\u0121i eliminata ta\u0127t ir-re\u0121im DSA jew P2B, u se tinforma lill-partijiet liema regolament huwa applikabbli. Min\u0127abba l-offerta komprensiva tag\u0127na, it-tilwim normalment ikun ammissibbli g\u0127al kwalunkwe wie\u0127ed mir-re\u0121imi.      <\/p>\n<p>[\/et_pb_text][\/et_pb_column][\/et_pb_row][et_pb_row column_structure=&#8221;1_2,1_2&#8243; custom_padding_last_edited=&#8221;on|phone&#8221; _builder_version=&#8221;4.27.0&#8243; _module_preset=&#8221;default&#8221; background_enable_color=&#8221;off&#8221; use_background_color_gradient=&#8221;on&#8221; background_color_gradient_stops=&#8221;#dcebfe 0%|rgba(220,235,254,0.3) 99%&#8221; custom_padding=&#8221;25px|25px|25px|25px|false|false&#8221; custom_padding_tablet=&#8221;25px|25px|25px|25px|false|false&#8221; custom_padding_phone=&#8221;10px|10px|10px|10px|false|false&#8221; border_radii=&#8221;on|15px|15px|15px|15px&#8221; box_shadow_style=&#8221;preset1&#8243; global_colors_info=&#8221;{}&#8221; background__hover_enabled=&#8221;on|hover&#8221; background_color_gradient_stops__hover=&#8221;#ffcc00 1%|rgba(220,235,254,0.3) 99%&#8221; use_background_color_gradient__hover=&#8221;on&#8221;][et_pb_column type=&#8221;1_2&#8243; _builder_version=&#8221;4.27.0&#8243; _module_preset=&#8221;default&#8221; global_colors_info=&#8221;{}&#8221;][et_pb_heading title=&#8221;Art 21. Settlement DSA &#8221; _builder_version=&#8221;4.27.0&#8243; _module_preset=&#8221;default&#8221; global_colors_info=&#8221;{}&#8221;][\/et_pb_heading][et_pb_cta button_text=&#8221;Ikklikkja Hawnhekk&#8221; _builder_version=&#8221;4.27.0&#8243; _module_preset=&#8221;default&#8221; background_color=&#8221;#001E77&#8243; height_tablet=&#8221;auto&#8221; height_phone=&#8221;auto&#8221; height_last_edited=&#8221;on|phone&#8221; custom_margin=&#8221;|0px||0px|false|false&#8221; custom_padding_tablet=&#8221;&#8221; custom_padding_phone=&#8221;|10px||10px|false|false&#8221; custom_padding_last_edited=&#8221;on|phone&#8221; background_last_edited=&#8221;off|desktop&#8221; border_radii=&#8221;on|15px|15px|15px|15px&#8221; global_colors_info=&#8221;{}&#8221; background__hover_enabled=&#8221;on|hover&#8221; background_color__hover=&#8221;#002BAA&#8221; background_enable_color__hover=&#8221;on&#8221;]<\/p>\n<p style=\"text-align: left;\">Il-Kompetenza tag\u0127na li nsolvu tilwim b\u0127ala Korp i\u010b\u010bertifikat ta&#8217; Soluzzjoni barra mill-Qrati skont l-Art. 21 tal-Att dwar is-Servizzi Di\u0121itali, tinsab spe\u010bjalment fl-oqsma ta\u2019 kompetenza li huma elaborati hawn ta\u0127t. Skont il-li\u010benzja tag\u0127na, ADROIT huwa eli\u0121ibbli biex isolvi tilwim dwar de\u010bi\u017cjonijiet kontestabbli ta\u2019 pjattaformi ta\u2019 xiri onlajn u ta\u2019 prenotazzjoni onlajn, qsim ta\u2019 kontenut u pjattaformi ta\u2019 kummer\u010bjalizzazzjoni mmexxija mill-kontenut, Pjattaformi ta\u2019 Crowdfunding u self P2P, pjattaformi Web3, Defi, NFT u fintech, kif ukoll Gaming, pjattaformi tal-log\u0127ob tal-azzard u tal-im\u0127atri, u pjattaformi u swieq tal-kummer\u010b B2B, B2C u P2P. <\/p>\n<p>[\/et_pb_cta][\/et_pb_column][et_pb_column type=&#8221;1_2&#8243; _builder_version=&#8221;4.27.0&#8243; _module_preset=&#8221;default&#8221; global_colors_info=&#8221;{}&#8221;][et_pb_heading title=&#8221;Art. 12 Medjazzjoni P2B&#8221; _builder_version=&#8221;4.27.0&#8243; _module_preset=&#8221;default&#8221; global_colors_info=&#8221;{}&#8221;][\/et_pb_heading][et_pb_cta button_text=&#8221;Ikklikkja Hawnhekk&#8221; _builder_version=&#8221;4.27.0&#8243; _module_preset=&#8221;default&#8221; background_color=&#8221;#001E77&#8243; height_tablet=&#8221;auto&#8221; height_phone=&#8221;auto&#8221; height_last_edited=&#8221;on|tablet&#8221; custom_padding_tablet=&#8221;&#8221; custom_padding_phone=&#8221;|5px||5px|false|false&#8221; custom_padding_last_edited=&#8221;on|phone&#8221; border_radii=&#8221;on|15px|15px|15px|15px&#8221; global_colors_info=&#8221;{}&#8221; background__hover_enabled=&#8221;on|hover&#8221; background_color__hover=&#8221;#002BAA&#8221; background_enable_color__hover=&#8221;on&#8221;]<\/p>\n<p style=\"text-align: left;\">Minbarra li huma korp \u010bertifikat ta&#8217; Soluzzjoni barra mill-qorti ta\u0127t id-DSA, il-Medjaturi ta&#8217; ADROITs joffru Medjazzjoni skont l-Art. 12 tal-  <span>Regolament (UE) 2019\/1150 (Regolament P2B). Spe\u010bjalment rigward l-indipendenza tal-korpi, id-DSA hija sa\u0127ansitra aktar stretta minn P2B. ADROIT g\u0127alhekk jista&#8217; joffri appro\u010b\u010b olistiku g\u0127ar-ri\u017coluzzjoni tat-tilwim di\u0121itali kummer\u010bjali, li jkopri l-aspetti kollha tar-regolamentazzjoni tal-pjattaformi\/swieq Ewropej. Skont ir-regolament P2B, il-Pjattaformi jistg\u0127u jsemmu \u017cew\u0121 medjaturi fit-termini u l-kundizzjonijiet tag\u0127hom, li huma lesti li ja\u0127dmu mag\u0127hom. Fil-Prattika, il-Pjattaformi \u0127afna drabi jsemmu korpi ta&#8217; medjazzjoni.      <\/span><\/p>\n<p>[\/et_pb_cta][\/et_pb_column][\/et_pb_row][\/et_pb_section][et_pb_section fb_built=&#8221;1&#8243; _builder_version=&#8221;4.26.1&#8243; _module_preset=&#8221;default&#8221; background_image=&#8221;https:\/\/adroit.legal\/wp-content\/uploads\/2024\/07\/paralegal-06.jpg&#8221; parallax=&#8221;on&#8221; parallax_method=&#8221;off&#8221; global_colors_info=&#8221;{}&#8221;][et_pb_row column_structure=&#8221;1_3,2_3&#8243; _builder_version=&#8221;4.26.0&#8243; _module_preset=&#8221;default&#8221; global_colors_info=&#8221;{}&#8221;][et_pb_column type=&#8221;1_3&#8243; _builder_version=&#8221;4.26.0&#8243; _module_preset=&#8221;default&#8221; global_colors_info=&#8221;{}&#8221;][\/et_pb_column][et_pb_column type=&#8221;2_3&#8243; _builder_version=&#8221;4.26.0&#8243; _module_preset=&#8221;default&#8221; global_colors_info=&#8221;{}&#8221;][et_pb_heading title=&#8221;Oqsma ta&#039; Kompetenza fi \u0127dan id-DSA:&#8221; _builder_version=&#8221;4.27.0&#8243; _module_preset=&#8221;default&#8221; title_text_color=&#8221;#011140&#8243; global_colors_info=&#8221;{}&#8221;][\/et_pb_heading][et_pb_accordion _builder_version=&#8221;4.26.0&#8243; _module_preset=&#8221;default&#8221; global_colors_info=&#8221;{}&#8221;][et_pb_accordion_item title=&#8221;Xiri onlajn u pjattaformi ta&#039; prenotazzjoni onlajn&#8221; open=&#8221;on&#8221; _builder_version=&#8221;4.26.0&#8243; _module_preset=&#8221;default&#8221; global_colors_info=&#8221;{}&#8221;]<\/p>\n<p>Il-pjattaformi tal-prenotazzjoni huma pjattaformi di\u0121itali li jippermettu lill-utenti jfittxu, iqabblu u jibbukkjaw tipi differenti jfittxu, iqabblu u jibbukkjaw tipi differenti ta\u2019 servizzi, attivitajiet jew akkomodazzjoni onlajn. Dawn il-pjattaformi ja\u0121ixxu b\u0127ala intermedjarji bejn il-fornituri tas-servizz u l-klijenti, jiffa\u010bilitaw il-pro\u010bess tal-prenotazzjoni u jipprovdu interface \u010bentrali g\u0127all-organizzazzjoni ta\u2019 appuntamenti jew ri\u017cervi. \u0127atriet jew ri\u017cervi. Il-pro\u010bess jibda meta l-utenti jirre\u0121istraw fuq il-pjattaforma tal-prenotazzjoni u jfittxu u jfittxu s-servizzi mixtieqa. Dan jista&#8217; jinkludi l-prenotazzjoni ta&#8217; kmamar ta&#8217; lukanda, titjiriet, ristoranti, avvenimenti, tours jew attivitajiet o\u0127ra. Il-fornituri tas-servizz jistg\u0127u jpo\u0121\u0121u regolarment id-disponibbilt\u00e0, il-prezzijiet u informazzjoni o\u0127ra tag\u0127hom fuq il-pjattaforma.     <\/p>\n<p>[\/et_pb_accordion_item][et_pb_accordion_item title=&#8221;Qsim tal-Kontenut u Pjattaformi tal-Marketing immexxija mill-Kontenut&#8221; _builder_version=&#8221;4.26.0&#8243; _module_preset=&#8221;default&#8221; global_colors_info=&#8221;{}&#8221; open=&#8221;off&#8221;]<\/p>\n<p>Il-pjattaformi tal-kondivi\u017cjoni tal-kontenut huma pjattaformi onlajn li jippermettu lill-utenti jtellg\u0127u, jaqsmu u jintera\u0121ixxu ma&#8217; tipi differenti ta&#8217; kontenut, b\u0127al ritratti, vidjows, mu\u017cika, xog\u0127ol tal-arti u aktar. Dawn il-pjattaformi jservu b\u0127ala postijiet \u010bentralizzati fejn l-utenti jistg\u0127u juru, jiskopru u jaqsmu x-xog\u0127lijiet kreattivi tag\u0127hom ma\u2019 komunit\u00e0 usa\u2019. Il-pro\u010bess jibda meta l-utenti jirre\u0121istraw fuq il-pjattaforma tal-qsim tal-kontenut u jo\u0127olqu kont. Wara li jid\u0127lu, jistg\u0127u jtellg\u0127u l-kontenut tag\u0127hom stess fuq il-pjattaforma.   <\/p>\n<p>In-netwerks so\u010bjali huma pjattaformi onlajn li jippermettu lin-nies jistabbilixxu relazzjonijiet di\u0121itali, jaqsmu l-kontenut biex jistabbilixxu relazzjonijiet di\u0121itali, jaqsmu l-kontenut, jikkomunikaw ma\u2019 xulxin u jiskambjaw informazzjoni. Dawn in-netwerks jo\u0127olqu komunitajiet virtwali li fihom l-utenti huma konnessi ma\u2019 xulxin u jistg\u0127u jaqsmu s-sehem tag\u0127hom l-interessi, l-opinjonijiet u l-esperjenzi tag\u0127hom. Il-pro\u010bess jibda meta utent jiffirma g\u0127al netwerk so\u010bjali, jo\u0127loq profil u jistabbilixxi konnessjonijiet ma\u2019 utenti o\u0127ra kemm jekk billi \u017c\u017cid \u0127bieb, isegwu kontijiet jew jissie\u0127bu fi gruppi. gruppi. Il-pjattaforma mbag\u0127ad toffri diversi funzjonijiet li jippermettu lill-utenti jaqsmu l-kontenut, jikkummentaw dwar il-postijiet, jiskambjaw messa\u0121\u0121i u jsegwu attivitajiet f&#8217;\u0127in reali.<br \/> track attivitajiet f&#8217;\u0127in reali. In-netwerks so\u010bjali jippermettu lill-utenti jaqsmu ritratti, vidjows, a\u0121\u0121ornamenti tal-istatus u links. u links. L-attivitajiet tal-utenti huma spiss aggregati f&#8217;newsfeed jew dashboard fejn jistg\u0127u jaraw l-a\u0127\u0127ar posts mill-\u0127bieb u l-kuntatti tag\u0127hom. L-algoritmi fuq il-pjattaforma \u0127afna drabi jidde\u010biedu liema kontenut jintwera fil-newsfeed abba\u017ci tal-interazzjonijiet u l-preferenzi tal-utenti.       <\/p>\n<p>[\/et_pb_accordion_item][et_pb_accordion_item title=&#8221;Crowdfunding u self P2P&#8221; _builder_version=&#8221;4.26.0&#8243; _module_preset=&#8221;default&#8221; global_colors_info=&#8221;{}&#8221; open=&#8221;off&#8221;]<\/p>\n<p>Is-servizzi ta\u2019 crowdfunding huma pjattaformi online li jippermettu individwi, intraprendituri jew organizzazzjonijiet li jg\u0127ollu organizzazzjonijiet biex ji\u0121bru appo\u0121\u0121 finanzjarju minn g\u0127add kbir ta\u2019 nies, biex jiffinanzjaw pro\u0121etti, ideat jew kampanji. Dawn il-pjattaformi ja\u0121ixxu b\u0127ala intermedjarji bejn dawk li jfittxu finanzjament (bidu ta\u2019 pro\u0121etti) u dawk lesti li jag\u0127tu jew jinvestu flus (partitarji), li jag\u0127tu jew jinvestu flus (partitarji). Il-pro\u010bess jibda meta starter ta\u2019 pro\u0121ett jirre\u0121istra fuq il-pjattaforma ta\u2019 crowdfunding u jo\u0127loq kampanja. F&#8217;din il-kampanja dettalji dwar il-pro\u0121ett, l-g\u0127an tal-finanzjament, il-qafas ta&#8217; \u017cmien u l-premjijiet jew konsiderazzjoni possibbli pprovduti g\u0127all-partitarji. Il-kampanja tista\u2019 tinkludi xi \u0127a\u0121a minn pro\u0121etti kreattivi b\u0127al produzzjonijiet ta\u2019 mu\u017cika jew films g\u0127al inizjattivi so\u010bjali, innovazzjonijiet teknolo\u0121i\u010bi jew ideat kummer\u010bjali. Il-mod kif ja\u0127dmu s-servizzi tal-crowdfunding huwa bba\u017cat fuq il-fatt li l-partitarji jag\u0127mlu kontribuzzjonijiet monetarji biex jiffinanzjaw il-pro\u0121ett.     <\/p>\n<p>[\/et_pb_accordion_item][et_pb_accordion_item title=&#8221;Pjattaformi u Protokolli tal-Web3, Defi, NFT u Fintech&#8221; _builder_version=&#8221;4.26.0&#8243; _module_preset=&#8221;default&#8221; global_colors_info=&#8221;{}&#8221; open=&#8221;off&#8221;]<\/p>\n<p>ADROIT issolvi ri\u017coluzzjonijiet li jikkon\u010bernaw prodotti ta&#8217; innovazzjoni finanzjarja, madankollu, spe\u010bjalment f&#8217;dan il-qasam tal-kompetenza tag\u0127na, g\u0127andu ji\u0121i determinat fuq ba\u017ci ta&#8217; ka\u017c b&#8217;ka\u017c jekk il-pjattaforma tikkwalifikax b\u0127ala Pjattaforma Online fit-tifsira tal-Att dwar is-Servizzi Di\u0121itali.  <\/p>\n<p>[\/et_pb_accordion_item][et_pb_accordion_item title=&#8221;Pjattaformi tal-Log\u0127ob, tal-Log\u0127ob tal-A\u017c\u017card u tal-Im\u0127atri&#8221; _builder_version=&#8221;4.26.0&#8243; _module_preset=&#8221;default&#8221; global_colors_info=&#8221;{}&#8221; open=&#8221;off&#8221;]<\/p>\n<p>L-hosting tas-server tal-log\u0127ob huwa servizz li jippermetti lill-i\u017cviluppaturi tal-log\u0127ob u lill-komunitajiet tal-log\u0127ob jag\u0127mlu l-log\u0127ob onlajn a\u010b\u010bessibbli billi jipprovdu u jimmani\u0121\u0121jaw servers g\u0127al esperjenzi multiplayer. Dan is-servizz jipprovdi l-infrastruttura me\u0127tie\u0121a biex il-plejers jintera\u0121ixxu ma\u2019 xulxin. Il-pro\u010bess jibda meta \u017cviluppatur tal-log\u0127ob jew komunit\u00e0 tal-log\u0127ob jag\u0127\u017clu l-hosting tas-server tal-log\u0127ob.  <\/p>\n<p>Huwa probabbli \u0127afna li servizzi b\u0127al dawn jaqg\u0127u ta\u0127t l-ambitu tad-DSA, spe\u010bjalment meta l-plejers jistg\u0127u jag\u0127mlu xiri fil-log\u0127ba minn partijiet terzi permezz ta&#8217; suq integrat.  <\/p>\n<p>&nbsp;<\/p>\n<p>[\/et_pb_accordion_item][et_pb_accordion_item title=&#8221;Pjattaformi u swieq tal-kummer\u010b B2B, B2C u P2P&#8221; _builder_version=&#8221;4.26.0&#8243; _module_preset=&#8221;default&#8221; global_colors_info=&#8221;{}&#8221; open=&#8221;off&#8221;]<\/p>\n<p>Is-swieq onlajn huma pjattaformi di\u0121itali li fuqhom il-bejjieg\u0127a jistg\u0127u jikkummer\u010bjalizzaw u jbig\u0127u l-prodotti jew is-servizzi tag\u0127hom lil xerrejja potenzjali. Dawn il-pjattaformi jo\u0127olqu ambjent virtwali li jippermetti lill-kumpaniji u lill-individwi jinnegozjaw ming\u0127ajr ma jkunu fi\u017cikament pre\u017centi f&#8217;post partikolari. Il-pro\u010bess jibda meta l-bejjieg\u0127a jirre\u0121istraw fis-suq onlajn u jelenkaw il-prodotti jew is-servizzi tag\u0127hom. Dan jista &#8216;jinkludi firxa wiesg\u0127a ta&#8217; o\u0121\u0121etti, mill-elettronika g\u0127al \u0127wejje\u0121 g\u0127al arti\u0121janat jew sa\u0127ansitra servizzi b\u0127al akkomodazzjoni jew trasport. Ix-xerrejja, min-na\u0127a tag\u0127hom, jistg\u0127u jirre\u0121istraw fuq il-pjattaforma, ifittxu prodotti u jordnaw kif me\u0127tie\u0121. Il-mod kif ja\u0127dmu s-swieq onlajn huwa bba\u017cat fuq il-\u0127olqien ta&#8217; profili g\u0127all-bejjieg\u0127a u x-xerrejja, fejn ting\u0127ata informazzjoni dwar il-prodotti offruti, prezzijiet, revi\u017cjonijiet u dettalji rilevanti o\u0127ra. Ix-xerrejja jistg\u0127u jinnavigaw permezz tal-pjattaforma, iqabblu prodotti, jaqraw ir-revi\u017cjonijiet u jag\u0127mlu x-xiri tag\u0127hom. Il-pjattaformi \u0127afna drabi jipprovdu g\u0127a\u017cliet ta&#8217; \u0127las siguri biex jiffa\u010bilitaw it-tran\u017cazzjonijiet bejn ix-xerrejja u l-bejjieg\u0127a.       <\/p>\n<p>[\/et_pb_accordion_item][\/et_pb_accordion][\/et_pb_column][\/et_pb_row][\/et_pb_section][et_pb_section fb_built=&#8221;1&#8243; fullwidth=&#8221;on&#8221; _builder_version=&#8221;4.27.0&#8243; _module_preset=&#8221;default&#8221; background_color=&#8221;#001E77&#8243; global_colors_info=&#8221;{}&#8221;][et_pb_fullwidth_header title=&#8221;Il-Kumpanija tieg\u0127ek taqbel ma&#039; wa\u0127da mid-deskrizzjonijiet tan-negozju t&#039;hawn fuq?  &#8221; button_one_text=&#8221;Ikkuntattjana hawn&#8221; button_one_url=&#8221;https:\/\/adroit.legal\/subscription\/&#8221; _builder_version=&#8221;4.27.0&#8243; _module_preset=&#8221;default&#8221; background_enable_color=&#8221;off&#8221; link_option_url=&#8221;https:\/\/adroit.legal\/business-contact-subscription\/&#8221; link_option_url_new_window=&#8221;on&#8221; global_colors_info=&#8221;{}&#8221;]<\/p>\n<p>&nbsp;<\/p>\n<p>&nbsp;<\/p>\n<p>[\/et_pb_fullwidth_header][\/et_pb_section]<\/p>\n","protected":false},"excerpt":{"rendered":"<p>&nbsp; ADROIT toffri Settlement barra mill-Qorti skont l-Art. 21 tal-Att dwar is-Servizzi Di\u0121itali, kif ukoll il-Medjazzjoni skont l-Art. 12 P2B. ADROIT, u dawk kollha li jfasslu d-de\u010bi\u017cjonijiet tag\u0127na jissodisfaw il-kriterji stretti stabbiliti mid-DSA, rigward il-kwalifika u l-indipendenza tag\u0127hom. ADROIT jipprovdi servizzi fis-Suq kollu tal-UE. Il-le\u0121i\u017clatur Ewropew stabbilixxa soluzzjoni alternattiva tat-tilwim fi \u0127dan l-Art. 21 tal-Att dwar is-Servizzi Di\u0121itali (Regolament UE 2022\/2065), kif ukoll l-Art. 12 tar-Regolament &#8220;P2B&#8221; (Regolament UE 2019\/1150). Spe\u010bjalment fir-rigward ta&#8217; tilwim kummer\u010bjali, \u0127afna drabi huwa b&#8217;kumbinazzjoni ta\u0127t liema re\u0121im it-tilwima g\u0127andha ti\u0121i ri\u017colta. ADROIT g\u0127alhekk joffri kemm Soluzzjoni barra mill-Qorti skont id-DSA, kif ukoll Medjazzjoni skont ir-Regolament P2B. Anki jekk l-ambitu tar-regolament P2B huwa idjaq, peress li jkopri &#8220;biss&#8221; tilwim bejn Pjattaformi u l-Utenti-Negozjali tag\u0127hom, hija l-opinjoni prevalenti fil-letteratura legali li l-applikazzjoni tieg\u0127u tie\u0127u pre\u010bedent. G\u0127alhekk, jekk ir-Regolament P2B ikun applikabbli, is-saldu skont id-DSA jista&#8217; jkun sussidjarju. Fil-prattika, ADROIT se tevalwa jekk talba g\u0127andhiex ti\u0121i eliminata ta\u0127t ir-re\u0121im DSA jew P2B, u se tinforma lill-partijiet liema regolament huwa applikabbli. Min\u0127abba l-offerta komprensiva tag\u0127na, it-tilwim normalment ikun ammissibbli g\u0127al kwalunkwe wie\u0127ed mir-re\u0121imi. Il-Kompetenza tag\u0127na li nsolvu tilwim b\u0127ala Korp i\u010b\u010bertifikat ta&#8217; Soluzzjoni barra mill-Qrati skont l-Art. 21 tal-Att dwar is-Servizzi Di\u0121itali, tinsab spe\u010bjalment fl-oqsma ta\u2019 kompetenza li huma [&hellip;]<\/p>\n","protected":false},"author":2,"featured_media":0,"parent":0,"menu_order":0,"comment_status":"closed","ping_status":"closed","template":"","meta":{"_et_pb_use_builder":"on","_et_pb_old_content":"","_et_gb_content_width":"","om_disable_all_campaigns":false,"_monsterinsights_skip_tracking":false,"_monsterinsights_sitenote_active":false,"_monsterinsights_sitenote_note":"","_monsterinsights_sitenote_category":0,"footnotes":""},"class_list":["post-336521","page","type-page","status-publish","hentry"],"aioseo_notices":[],"_links":{"self":[{"href":"https:\/\/adroit.legal\/mt\/wp-json\/wp\/v2\/pages\/336521","targetHints":{"allow":["GET"]}}],"collection":[{"href":"https:\/\/adroit.legal\/mt\/wp-json\/wp\/v2\/pages"}],"about":[{"href":"https:\/\/adroit.legal\/mt\/wp-json\/wp\/v2\/types\/page"}],"author":[{"embeddable":true,"href":"https:\/\/adroit.legal\/mt\/wp-json\/wp\/v2\/users\/2"}],"replies":[{"embeddable":true,"href":"https:\/\/adroit.legal\/mt\/wp-json\/wp\/v2\/comments?post=336521"}],"version-history":[{"count":2,"href":"https:\/\/adroit.legal\/mt\/wp-json\/wp\/v2\/pages\/336521\/revisions"}],"predecessor-version":[{"id":336523,"href":"https:\/\/adroit.legal\/mt\/wp-json\/wp\/v2\/pages\/336521\/revisions\/336523"}],"wp:attachment":[{"href":"https:\/\/adroit.legal\/mt\/wp-json\/wp\/v2\/media?parent=336521"}],"curies":[{"name":"wp","href":"https:\/\/api.w.org\/{rel}","templated":true}]}}