{"id":336524,"date":"2024-07-14T15:57:26","date_gmt":"2024-07-14T15:57:26","guid":{"rendered":"https:\/\/adroit.legal\/chi-siamo\/"},"modified":"2024-10-24T10:36:13","modified_gmt":"2024-10-24T10:36:13","slug":"chi-siamo","status":"publish","type":"page","link":"https:\/\/adroit.legal\/it\/chi-siamo\/","title":{"rendered":"Chi siamo"},"content":{"rendered":"<p>[et_pb_section fb_built=&#8221;1&#8243; fullwidth=&#8221;on&#8221; _builder_version=&#8221;4.27.0&#8243; _module_preset=&#8221;default&#8221; background_color=&#8221;#001E77&#8243; position_origin_r=&#8221;bottom_left&#8221; custom_margin=&#8221;-100px||||false|false&#8221; custom_margin_tablet=&#8221;0px||||false|false&#8221; custom_margin_phone=&#8221;0px||||false|false&#8221; custom_margin_last_edited=&#8221;on|desktop&#8221; custom_padding=&#8221;150px||||false|false&#8221; global_colors_info=&#8221;{}&#8221;][et_pb_fullwidth_header title=&#8221;Chi siamo: I tuoi esperti per la risoluzione delle controversie commerciali nello spazio digitale.  &#8221; button_one_text=&#8221;Seguici su LinkedIn&#8221; button_one_url=&#8221;https:\/\/www.linkedin.com\/company\/adroit-legal\/&#8221; _builder_version=&#8221;4.27.0&#8243; _module_preset=&#8221;default&#8221; background_color=&#8221;#001E77&#8243; custom_padding=&#8221;0px||||false|false&#8221; link_option_url_new_window=&#8221;on&#8221; global_colors_info=&#8221;{}&#8221;]<\/p>\n<p>&nbsp;<\/p>\n<p><span style=\"font-size: large;\">ADROIT offre una soluzione extragiudiziale ai sensi dell&#8217;art. 21 della Legge sui Servizi Digitali. 21 della Legge sui Servizi Digitali, nonch\u00e9 la Mediazione ai sensi dell&#8217;Art. 12 P2B. ADROIT e tutti i nostri Case-Decision-Makers soddisfano i rigorosi criteri stabiliti dalla DSA in merito alla loro qualificazione e indipendenza. ADROIT fornisce servizi in tutto il mercato europeo.    <\/span><\/p>\n<p>[\/et_pb_fullwidth_header][\/et_pb_section][et_pb_section fb_built=&#8221;1&#8243; disabled_on=&#8221;off|off|off&#8221; _builder_version=&#8221;4.27.0&#8243; _module_preset=&#8221;default&#8221; global_colors_info=&#8221;{}&#8221;][et_pb_row _builder_version=&#8221;4.27.0&#8243; _module_preset=&#8221;default&#8221; global_colors_info=&#8221;{}&#8221;][et_pb_column type=&#8221;4_4&#8243; _builder_version=&#8221;4.27.0&#8243; _module_preset=&#8221;default&#8221; global_colors_info=&#8221;{}&#8221;][et_pb_heading title=&#8221;La nostra soluzione all-in-one: Art. 21 DSA e Art. 21 DSA Settlement e Art. 12 P2B Mediation. 12 P2B Mediazione&#8221; _builder_version=&#8221;4.27.0&#8243; _module_preset=&#8221;default&#8221; global_colors_info=&#8221;{}&#8221;][\/et_pb_heading][et_pb_text _builder_version=&#8221;4.27.0&#8243; _module_preset=&#8221;default&#8221; global_colors_info=&#8221;{}&#8221;]<\/p>\n<p>Il legislatore europeo ha stabilito una risoluzione alternativa delle controversie all&#8217;interno dell&#8217;art. 21 della Legge sui Servizi Digitali (Regolamento UE 2022\/2065). 21 della Legge sui Servizi Digitali (Regolamento UE 2022\/2065) e l&#8217;art. 12 del Regolamento &#8220;P2B&#8221; (Regolamento UE 2019\/1150). 12 del Regolamento &#8220;P2B&#8221; (Regolamento UE 2019\/1150). Soprattutto per quanto riguarda le controversie commerciali, spesso \u00e8 un caso che la controversia debba essere risolta in base a quale regime. ADROIT offre quindi sia la risoluzione extragiudiziale secondo il DSA, sia la mediazione secondo il Regolamento P2B. Anche se l&#8217;ambito di applicazione del Regolamento P2B \u00e8 pi\u00f9 ristretto, in quanto riguarda &#8220;solo&#8221; le controversie tra le piattaforme e i loro utenti commerciali, \u00e8 opinione prevalente nella letteratura giuridica che la sua applicazione abbia la precedenza. Pertanto, se il Regolamento P2B \u00e8 applicabile, la risoluzione delle controversie secondo le DSA potrebbe essere secondaria. In pratica, ADROIT valuter\u00e0 se una controversia deve essere trattata in base al DSA o al regime P2B e comunicher\u00e0 alle parti quale regolamento \u00e8 applicabile. Grazie alla nostra offerta completa, le controversie sono solitamente ammissibili a uno dei due regimi.      <\/p>\n<p>[\/et_pb_text][\/et_pb_column][\/et_pb_row][et_pb_row column_structure=&#8221;1_2,1_2&#8243; custom_padding_last_edited=&#8221;on|phone&#8221; _builder_version=&#8221;4.27.0&#8243; _module_preset=&#8221;default&#8221; background_enable_color=&#8221;off&#8221; use_background_color_gradient=&#8221;on&#8221; background_color_gradient_stops=&#8221;#dcebfe 0%|rgba(220,235,254,0.3) 99%&#8221; custom_padding=&#8221;25px|25px|25px|25px|false|false&#8221; custom_padding_tablet=&#8221;25px|25px|25px|25px|false|false&#8221; custom_padding_phone=&#8221;10px|10px|10px|10px|false|false&#8221; border_radii=&#8221;on|15px|15px|15px|15px&#8221; box_shadow_style=&#8221;preset1&#8243; global_colors_info=&#8221;{}&#8221; background__hover_enabled=&#8221;on|hover&#8221; background_color_gradient_stops__hover=&#8221;#ffcc00 1%|rgba(220,235,254,0.3) 99%&#8221; use_background_color_gradient__hover=&#8221;on&#8221;][et_pb_column type=&#8221;1_2&#8243; _builder_version=&#8221;4.27.0&#8243; _module_preset=&#8221;default&#8221; global_colors_info=&#8221;{}&#8221;][et_pb_heading title=&#8221;Art. 21. Insediamento DSA &#8221; _builder_version=&#8221;4.27.0&#8243; _module_preset=&#8221;default&#8221; global_colors_info=&#8221;{}&#8221;][\/et_pb_heading][et_pb_cta button_text=&#8221;Clicca qui&#8221; _builder_version=&#8221;4.27.0&#8243; _module_preset=&#8221;default&#8221; background_color=&#8221;#001E77&#8243; height_tablet=&#8221;auto&#8221; height_phone=&#8221;auto&#8221; height_last_edited=&#8221;on|phone&#8221; custom_margin=&#8221;|0px||0px|false|false&#8221; custom_padding_tablet=&#8221;&#8221; custom_padding_phone=&#8221;|10px||10px|false|false&#8221; custom_padding_last_edited=&#8221;on|phone&#8221; background_last_edited=&#8221;off|desktop&#8221; border_radii=&#8221;on|15px|15px|15px|15px&#8221; global_colors_info=&#8221;{}&#8221; background__hover_enabled=&#8221;on|hover&#8221; background_color__hover=&#8221;#002BAA&#8221; background_enable_color__hover=&#8221;on&#8221;]<\/p>\n<p style=\"text-align: left;\">La nostra competenza a risolvere le controversie in qualit\u00e0 di Organismo di composizione extragiudiziale certificato ai sensi dell&#8217;art. 21 della Legge sui Servizi Digitali, risiede in particolare nelle aree di competenza elaborate di seguito. 21 della Legge sui Servizi Digitali, risiede in particolare nelle aree di competenza che vengono elaborate di seguito. In base alla nostra licenza, ADROIT \u00e8 in grado di risolvere le controversie relative a decisioni impugnabili di piattaforme di shopping online e di prenotazione online, piattaforme di condivisione di contenuti e di marketing orientato ai contenuti, piattaforme di crowdfunding e di prestito P2P, piattaforme Web3, Defi, NFT e fintech, nonch\u00e9 piattaforme di gioco, di scommesse e di trading B2B, B2C e P2P e marketplace. <\/p>\n<p>[\/et_pb_cta][\/et_pb_column][et_pb_column type=&#8221;1_2&#8243; _builder_version=&#8221;4.27.0&#8243; _module_preset=&#8221;default&#8221; global_colors_info=&#8221;{}&#8221;][et_pb_heading title=&#8221;Art. 12 P2B Mediazione 12 P2B Mediazione&#8221; _builder_version=&#8221;4.27.0&#8243; _module_preset=&#8221;default&#8221; global_colors_info=&#8221;{}&#8221;][\/et_pb_heading][et_pb_cta button_text=&#8221;Clicca qui&#8221; _builder_version=&#8221;4.27.0&#8243; _module_preset=&#8221;default&#8221; background_color=&#8221;#001E77&#8243; height_tablet=&#8221;auto&#8221; height_phone=&#8221;auto&#8221; height_last_edited=&#8221;on|tablet&#8221; custom_padding_tablet=&#8221;&#8221; custom_padding_phone=&#8221;|5px||5px|false|false&#8221; custom_padding_last_edited=&#8221;on|phone&#8221; border_radii=&#8221;on|15px|15px|15px|15px&#8221; global_colors_info=&#8221;{}&#8221; background__hover_enabled=&#8221;on|hover&#8221; background_color__hover=&#8221;#002BAA&#8221; background_enable_color__hover=&#8221;on&#8221;]<\/p>\n<p style=\"text-align: left;\">Oltre ad essere un organismo di composizione extragiudiziale certificato ai sensi del DSA, i mediatori di ADROITs offrono la mediazione ai sensi dell&#8217;Art. 12 della legge  <span>Regolamento (UE) 2019\/1150 (Regolamento P2B). Soprattutto per quanto riguarda l&#8217;indipendenza degli organismi, il DSA \u00e8 ancora pi\u00f9 severo del P2B. ADROIT \u00e8 quindi in grado di offrire un approccio olistico alla risoluzione delle controversie commerciali digitali, coprendo tutti gli aspetti della normativa europea sulle piattaforme\/mercati. Secondo il regolamento P2B, le piattaforme possono indicare nei loro termini e condizioni due mediatori con cui sono disposte a lavorare. In pratica, le piattaforme spesso nominano organismi di mediazione.      <\/span><\/p>\n<p>[\/et_pb_cta][\/et_pb_column][\/et_pb_row][\/et_pb_section][et_pb_section fb_built=&#8221;1&#8243; _builder_version=&#8221;4.26.1&#8243; _module_preset=&#8221;default&#8221; background_image=&#8221;https:\/\/adroit.legal\/wp-content\/uploads\/2024\/07\/paralegal-06.jpg&#8221; parallax=&#8221;on&#8221; parallax_method=&#8221;off&#8221; global_colors_info=&#8221;{}&#8221;][et_pb_row column_structure=&#8221;1_3,2_3&#8243; _builder_version=&#8221;4.26.0&#8243; _module_preset=&#8221;default&#8221; global_colors_info=&#8221;{}&#8221;][et_pb_column type=&#8221;1_3&#8243; _builder_version=&#8221;4.26.0&#8243; _module_preset=&#8221;default&#8221; global_colors_info=&#8221;{}&#8221;][\/et_pb_column][et_pb_column type=&#8221;2_3&#8243; _builder_version=&#8221;4.26.0&#8243; _module_preset=&#8221;default&#8221; global_colors_info=&#8221;{}&#8221;][et_pb_heading title=&#8221;Aree di competenza del DSA:&#8221; _builder_version=&#8221;4.27.0&#8243; _module_preset=&#8221;default&#8221; title_text_color=&#8221;#011140&#8243; global_colors_info=&#8221;{}&#8221;][\/et_pb_heading][et_pb_accordion _builder_version=&#8221;4.26.0&#8243; _module_preset=&#8221;default&#8221; global_colors_info=&#8221;{}&#8221;][et_pb_accordion_item title=&#8221;Piattaforme di shopping e prenotazione online&#8221; open=&#8221;on&#8221; _builder_version=&#8221;4.26.0&#8243; _module_preset=&#8221;default&#8221; global_colors_info=&#8221;{}&#8221;]<\/p>\n<p>Le piattaforme di prenotazione sono piattaforme digitali che consentono agli utenti di cercare, confrontare e prenotare diversi tipi di servizi, attivit\u00e0 o alloggi online. Queste piattaforme fungono da intermediari tra i fornitori di servizi e i clienti, facilitano il processo di prenotazione e forniscono un&#8217;interfaccia centrale per organizzare appuntamenti o prenotazioni. appuntamenti o prenotazioni. Il processo inizia quando gli utenti si registrano sulla piattaforma di prenotazione e cercano i servizi desiderati. Questo pu\u00f2 includere la prenotazione di camere d&#8217;albergo, voli, ristoranti, eventi, tour o altre attivit\u00e0. I fornitori di servizi possono pubblicare regolarmente la loro disponibilit\u00e0, i prezzi e altre informazioni sulla piattaforma.     <\/p>\n<p>[\/et_pb_accordion_item][et_pb_accordion_item title=&#8221;Piattaforme di condivisione dei contenuti e di marketing guidato dai contenuti&#8221; _builder_version=&#8221;4.26.0&#8243; _module_preset=&#8221;default&#8221; global_colors_info=&#8221;{}&#8221; open=&#8221;off&#8221;]<\/p>\n<p>Le piattaforme di condivisione dei contenuti sono piattaforme online che permettono agli utenti di caricare, condividere e interagire con diversi tipi di contenuti, come foto, video, musica, opere d&#8217;arte e altro ancora. Queste piattaforme fungono da luoghi centralizzati in cui gli utenti possono mostrare, scoprire e condividere le loro opere creative con una comunit\u00e0 pi\u00f9 ampia. Il processo inizia quando gli utenti si registrano sulla piattaforma di condivisione dei contenuti e creano un account. Dopo aver effettuato il login, possono caricare i propri contenuti sulla piattaforma.   <\/p>\n<p>I social network sono piattaforme online che permettono alle persone di stabilire relazioni digitali, condividere contenuti per stabilire relazioni digitali, condividere contenuti, comunicare tra loro e scambiare informazioni. Il processo inizia quando un utente si iscrive a un social network, crea un profilo e stabilisce connessioni con altri utenti aggiungendo amici, seguendo account o unendosi a gruppi. La piattaforma offre poi varie funzioni che permettono agli utenti di condividere contenuti, commentare i post, scambiare messaggi e seguire le attivit\u00e0 in tempo reale.<br \/>seguire le attivit\u00e0 in tempo reale. I social network permettono agli utenti di condividere foto, video, aggiornamenti di stato e link. e link. Le attivit\u00e0 degli utenti sono spesso aggregate in un newsfeed o in una dashboard dove possono vedere gli ultimi post dei loro amici e contatti. Gli algoritmi della piattaforma spesso decidono quali contenuti visualizzare nel newsfeed in base alle interazioni e alle preferenze degli utenti.       <\/p>\n<p>[\/et_pb_accordion_item][et_pb_accordion_item title=&#8221;Crowdfunding e prestiti P2P&#8221; _builder_version=&#8221;4.26.0&#8243; _module_preset=&#8221;default&#8221; global_colors_info=&#8221;{}&#8221; open=&#8221;off&#8221;]<\/p>\n<p>I servizi di crowdfunding sono piattaforme online che permettono a singoli, imprenditori o organizzazioni di raccogliere il sostegno finanziario di un gran numero di persone, per finanziare progetti, idee o campagne. Queste piattaforme fungono da intermediari tra coloro che cercano finanziamenti (project starter) e coloro che sono disposti a donare o investire denaro (supporter), per donare o investire denaro (supporter). Il processo inizia quando il promotore di un progetto si registra sulla piattaforma di crowdfunding e crea una campagna. In questa campagna vengono forniti dettagli sul progetto, l&#8217;obiettivo di finanziamento, i tempi di realizzazione e le possibili ricompense per i sostenitori. La campagna pu\u00f2 includere qualsiasi cosa, da progetti creativi come produzioni musicali o cinematografiche a iniziative sociali, innovazioni tecnologiche o idee commerciali. Il funzionamento dei servizi di crowdfunding si basa sul fatto che i sostenitori apportano contributi monetari per finanziare il progetto.     <\/p>\n<p>[\/et_pb_accordion_item][et_pb_accordion_item title=&#8221;Piattaforme e protocolli Web3, Defi, NFT e Fintech&#8221; _builder_version=&#8221;4.26.0&#8243; _module_preset=&#8221;default&#8221; global_colors_info=&#8221;{}&#8221; open=&#8221;off&#8221;]<\/p>\n<p>ADROIT risolve le risoluzioni relative ai prodotti di innovazione finanziaria, tuttavia, soprattutto in questo settore di nostra competenza, \u00e8 necessario determinare caso per caso se la piattaforma si qualifica come Piattaforma Online ai sensi della Legge sui Servizi Digitali.  <\/p>\n<p>[\/et_pb_accordion_item][et_pb_accordion_item title=&#8221;Piattaforme di gioco, azzardo e scommesse&#8221; _builder_version=&#8221;4.26.0&#8243; _module_preset=&#8221;default&#8221; global_colors_info=&#8221;{}&#8221; open=&#8221;off&#8221;]<\/p>\n<p>L&#8217;hosting di server di gioco \u00e8 un servizio che consente agli sviluppatori di giochi e alle comunit\u00e0 di gioco di rendere accessibili i giochi online fornendo e gestendo i server per le esperienze multiplayer. Questo servizio fornisce l&#8217;infrastruttura necessaria ai giocatori per interagire tra loro. Il processo inizia quando uno sviluppatore di giochi o una comunit\u00e0 di gioco sceglie l&#8217;hosting di server di gioco.  <\/p>\n<p>\u00c8 molto probabile che tali servizi rientrino nell&#8217;ambito di applicazione della DSA, soprattutto quando i giocatori possono effettuare acquisti in-game da terzi attraverso un market-place integrato.  <\/p>\n<p>&nbsp;<\/p>\n<p>[\/et_pb_accordion_item][et_pb_accordion_item title=&#8221;Piattaforme e mercati commerciali B2B, B2C e P2P&#8221; _builder_version=&#8221;4.26.0&#8243; _module_preset=&#8221;default&#8221; global_colors_info=&#8221;{}&#8221; open=&#8221;off&#8221;]<\/p>\n<p>I mercati online sono piattaforme digitali su cui i venditori possono commercializzare e vendere i loro prodotti o servizi a potenziali acquirenti. Queste piattaforme creano un ambiente virtuale che permette ad aziende e privati di commerciare senza essere fisicamente presenti in un determinato luogo. Il processo inizia quando i venditori si registrano sul mercato online e inseriscono i loro prodotti o servizi. Questi possono includere un&#8217;ampia gamma di beni, dall&#8217;elettronica all&#8217;abbigliamento, all&#8217;artigianato o anche servizi come l&#8217;alloggio o il trasporto. Gli acquirenti, a loro volta, possono registrarsi sulla piattaforma, cercare i prodotti e ordinare secondo le proprie esigenze. Il funzionamento dei mercati online si basa sulla creazione di profili per venditori e acquirenti, dove vengono fornite informazioni sui prodotti offerti, prezzi, recensioni e altri dettagli rilevanti. Gli acquirenti possono navigare all&#8217;interno della piattaforma, confrontare i prodotti, leggere le recensioni ed effettuare gli acquisti. Spesso le piattaforme offrono opzioni di pagamento sicure per facilitare le transazioni tra acquirenti e venditori.       <\/p>\n<p>[\/et_pb_accordion_item][\/et_pb_accordion][\/et_pb_column][\/et_pb_row][\/et_pb_section][et_pb_section fb_built=&#8221;1&#8243; fullwidth=&#8221;on&#8221; _builder_version=&#8221;4.27.0&#8243; _module_preset=&#8221;default&#8221; background_color=&#8221;#001E77&#8243; global_colors_info=&#8221;{}&#8221;][et_pb_fullwidth_header title=&#8221;La tua azienda corrisponde a una delle descrizioni di business di cui sopra?  &#8221; button_one_text=&#8221;Contattaci qui&#8221; button_one_url=&#8221;https:\/\/adroit.legal\/subscription\/&#8221; _builder_version=&#8221;4.27.0&#8243; _module_preset=&#8221;default&#8221; background_enable_color=&#8221;off&#8221; link_option_url=&#8221;https:\/\/adroit.legal\/business-contact-subscription\/&#8221; link_option_url_new_window=&#8221;on&#8221; global_colors_info=&#8221;{}&#8221;]<\/p>\n<p>&nbsp;<\/p>\n<p>&nbsp;<\/p>\n<p>[\/et_pb_fullwidth_header][\/et_pb_section]<\/p>\n","protected":false},"excerpt":{"rendered":"<p>&nbsp; ADROIT offre una soluzione extragiudiziale ai sensi dell&#8217;art. 21 della Legge sui Servizi Digitali. 21 della Legge sui Servizi Digitali, nonch\u00e9 la Mediazione ai sensi dell&#8217;Art. 12 P2B. ADROIT e tutti i nostri Case-Decision-Makers soddisfano i rigorosi criteri stabiliti dalla DSA in merito alla loro qualificazione e indipendenza. ADROIT fornisce servizi in tutto il mercato europeo. Il legislatore europeo ha stabilito una risoluzione alternativa delle controversie all&#8217;interno dell&#8217;art. 21 della Legge sui Servizi Digitali (Regolamento UE 2022\/2065). 21 della Legge sui Servizi Digitali (Regolamento UE 2022\/2065) e l&#8217;art. 12 del Regolamento &#8220;P2B&#8221; (Regolamento UE 2019\/1150). 12 del Regolamento &#8220;P2B&#8221; (Regolamento UE 2019\/1150). Soprattutto per quanto riguarda le controversie commerciali, spesso \u00e8 un caso che la controversia debba essere risolta in base a quale regime. ADROIT offre quindi sia la risoluzione extragiudiziale secondo il DSA, sia la mediazione secondo il Regolamento P2B. Anche se l&#8217;ambito di applicazione del Regolamento P2B \u00e8 pi\u00f9 ristretto, in quanto riguarda &#8220;solo&#8221; le controversie tra le piattaforme e i loro utenti commerciali, \u00e8 opinione prevalente nella letteratura giuridica che la sua applicazione abbia la precedenza. Pertanto, se il Regolamento P2B \u00e8 applicabile, la risoluzione delle controversie secondo le DSA potrebbe essere secondaria. In pratica, ADROIT [&hellip;]<\/p>\n","protected":false},"author":2,"featured_media":0,"parent":0,"menu_order":0,"comment_status":"closed","ping_status":"closed","template":"","meta":{"_et_pb_use_builder":"on","_et_pb_old_content":"","_et_gb_content_width":"","om_disable_all_campaigns":false,"_monsterinsights_skip_tracking":false,"_monsterinsights_sitenote_active":false,"_monsterinsights_sitenote_note":"","_monsterinsights_sitenote_category":0,"footnotes":""},"class_list":["post-336524","page","type-page","status-publish","hentry"],"aioseo_notices":[],"_links":{"self":[{"href":"https:\/\/adroit.legal\/it\/wp-json\/wp\/v2\/pages\/336524","targetHints":{"allow":["GET"]}}],"collection":[{"href":"https:\/\/adroit.legal\/it\/wp-json\/wp\/v2\/pages"}],"about":[{"href":"https:\/\/adroit.legal\/it\/wp-json\/wp\/v2\/types\/page"}],"author":[{"embeddable":true,"href":"https:\/\/adroit.legal\/it\/wp-json\/wp\/v2\/users\/2"}],"replies":[{"embeddable":true,"href":"https:\/\/adroit.legal\/it\/wp-json\/wp\/v2\/comments?post=336524"}],"version-history":[{"count":2,"href":"https:\/\/adroit.legal\/it\/wp-json\/wp\/v2\/pages\/336524\/revisions"}],"predecessor-version":[{"id":336526,"href":"https:\/\/adroit.legal\/it\/wp-json\/wp\/v2\/pages\/336524\/revisions\/336526"}],"wp:attachment":[{"href":"https:\/\/adroit.legal\/it\/wp-json\/wp\/v2\/media?parent=336524"}],"curies":[{"name":"wp","href":"https:\/\/api.w.org\/{rel}","templated":true}]}}