{"id":336566,"date":"2024-07-14T22:25:41","date_gmt":"2024-07-14T22:25:41","guid":{"rendered":"https:\/\/adroit.legal\/deposer-une-reclamation\/"},"modified":"2024-11-12T07:16:33","modified_gmt":"2024-11-12T07:16:33","slug":"deposer-une-reclamation","status":"publish","type":"page","link":"https:\/\/adroit.legal\/fr\/deposer-une-reclamation\/","title":{"rendered":"D\u00e9poser une r\u00e9clamation"},"content":{"rendered":"<p>[et_pb_section fb_built=\u00a0\u00bb1&Prime; fullwidth=\u00a0\u00bbon\u00a0\u00bb _builder_version=\u00a0\u00bb4.27.0&Prime; _module_preset=\u00a0\u00bbdefault\u00a0\u00bb custom_margin=\u00a0\u00bb0px||||false|false\u00a0\u00bb custom_padding=\u00a0\u00bb0px||||false|false\u00a0\u00bb global_colors_info=\u00a0\u00bb{}\u00a0\u00bb][et_pb_fullwidth_header title=\u00a0\u00bbD\u00e9posez votre plainte ici :\u00a0\u00bb button_one_text=\u00a0\u00bbVeuillez prendre connaissance de notre r\u00e8glement int\u00e9rieur\u00a0\u00bb button_one_url=\u00a0\u00bbhttps:\/\/adroit.legal\/fr\/reglement-interieur\/\u00a0\u00bb _builder_version=\u00a0\u00bb4.27.0&Prime; _module_preset=\u00a0\u00bbdefault\u00a0\u00bb background_color=\u00a0\u00bb#001E77&Prime; custom_margin=\u00a0\u00bb-150px||||false|false\u00a0\u00bb custom_padding=\u00a0\u00bb200px||||false|false\u00a0\u00bb global_colors_info=\u00a0\u00bb{}\u00a0\u00bb]<\/p>\n<p><span style=\"font-size: medium;\">Si une d\u00e9cision du fournisseur d&rsquo;une plate-forme en ligne a port\u00e9 atteinte \u00e0 vos droits, ou si vous consid\u00e9rez que cette d\u00e9cision est ill\u00e9gale, vous pouvez simplement d\u00e9poser une plainte en utilisant le formulaire de contact ci-dessous. ADROIT est tenu de r\u00e9soudre votre plainte de mani\u00e8re \u00e9quitable et transparente dans un d\u00e9lai de 90 jours.   <\/span><span style=\"font-size: medium;\"><em><span style=\"font-weight: 400;\"><\/span><\/em><\/span><span style=\"font-size: medium;\"><\/span><span style=\"font-size: medium;\">Afin d&rsquo;\u00eatre conscient de nos proc\u00e9dures, nous vous demandons de bien vouloir vous familiariser avec notre r\u00e8glement int\u00e9rieur :  <\/span><\/p>\n<p>[\/et_pb_fullwidth_header][\/et_pb_section][et_pb_section fb_built=\u00a0\u00bb1&Prime; disabled_on=\u00a0\u00bboff|off|off\u00a0\u00bb _builder_version=\u00a0\u00bb4.27.0&Prime; _module_preset=\u00a0\u00bbdefault\u00a0\u00bb background_color=\u00a0\u00bb#001E77&Prime; use_background_color_gradient=\u00a0\u00bbon\u00a0\u00bb background_color_gradient_stops=\u00a0\u00bb#001e77 0%|#002baa 100%\u00a0\u00bb global_colors_info=\u00a0\u00bb{}\u00a0\u00bb][et_pb_row _builder_version=\u00a0\u00bb4.26.1&Prime; _module_preset=\u00a0\u00bbdefault\u00a0\u00bb hover_enabled=\u00a0\u00bb0&Prime; global_colors_info=\u00a0\u00bb{}\u00a0\u00bb sticky_enabled=\u00a0\u00bb0&Prime;][et_pb_column type=\u00a0\u00bb4_4&Prime; _builder_version=\u00a0\u00bb4.26.1&Prime; _module_preset=\u00a0\u00bbdefault\u00a0\u00bb global_colors_info=\u00a0\u00bb{}\u00a0\u00bb][et_pb_code _builder_version=\u00a0\u00bb4.27.3&Prime; _module_preset=\u00a0\u00bbdefault\u00a0\u00bb background_color=\u00a0\u00bb#FFFFFF\u00a0\u00bb custom_padding=\u00a0\u00bb25px|25px|25px|25px|false|false\u00a0\u00bb hover_enabled=\u00a0\u00bb0&Prime; border_radii=\u00a0\u00bbon|20px|20px|20px|20px\u00a0\u00bb box_shadow_style=\u00a0\u00bbpreset1&Prime; global_colors_info=\u00a0\u00bb{}\u00a0\u00bb sticky_enabled=\u00a0\u00bb0&Prime; link_option_url_new_window=\u00a0\u00bbon\u00a0\u00bb]<!-- [et_pb_line_break_holder] --><!-- BEGIN Podio web form --><!-- [et_pb_line_break_holder] --><script src=\"https:\/\/podio.com\/webforms\/29175265\/2379117.js\"><\/script><!-- [et_pb_line_break_holder] --><script type=\"text\/javascript\"><!-- [et_pb_line_break_holder] -->  _podioWebForm.render(\"2379117\")<!-- [et_pb_line_break_holder] --><\/script><!-- [et_pb_line_break_holder] --><noscript><!-- [et_pb_line_break_holder] -->  <a href=\"https:\/\/podio.com\/webforms\/29175265\/2379117\" target=\"_blank\" rel=\"noopener\">Veuillez remplir le formulaire<\/a><!-- [et_pb_line_break_holder] --><\/noscript><!-- [et_pb_line_break_holder] -->  <\/p>\n<div class=\"podio-webform-container\"><!-- [et_pb_line_break_holder] -->  <\/div>\n<p><!-- [et_pb_line_break_holder] --><!-- END Podio web form -->[\/et_pb_code][\/et_pb_column][\/et_pb_row][\/et_pb_section]<\/p>\n","protected":false},"excerpt":{"rendered":"<p>Si une d\u00e9cision du fournisseur d&rsquo;une plate-forme en ligne a port\u00e9 atteinte \u00e0 vos droits, ou si vous consid\u00e9rez que cette d\u00e9cision est ill\u00e9gale, vous pouvez simplement d\u00e9poser une plainte en utilisant le formulaire de contact ci-dessous. ADROIT est tenu de r\u00e9soudre votre plainte de mani\u00e8re \u00e9quitable et transparente dans un d\u00e9lai de 90 jours. Afin d&rsquo;\u00eatre conscient de nos proc\u00e9dures, nous vous demandons de bien vouloir vous familiariser avec notre r\u00e8glement int\u00e9rieur :<\/p>\n","protected":false},"author":2,"featured_media":0,"parent":0,"menu_order":0,"comment_status":"closed","ping_status":"closed","template":"","meta":{"_et_pb_use_builder":"on","_et_pb_old_content":"","_et_gb_content_width":"","om_disable_all_campaigns":false,"_monsterinsights_skip_tracking":false,"_monsterinsights_sitenote_active":false,"_monsterinsights_sitenote_note":"","_monsterinsights_sitenote_category":0,"footnotes":""},"class_list":["post-336566","page","type-page","status-publish","hentry"],"aioseo_notices":[],"_links":{"self":[{"href":"https:\/\/adroit.legal\/fr\/wp-json\/wp\/v2\/pages\/336566","targetHints":{"allow":["GET"]}}],"collection":[{"href":"https:\/\/adroit.legal\/fr\/wp-json\/wp\/v2\/pages"}],"about":[{"href":"https:\/\/adroit.legal\/fr\/wp-json\/wp\/v2\/types\/page"}],"author":[{"embeddable":true,"href":"https:\/\/adroit.legal\/fr\/wp-json\/wp\/v2\/users\/2"}],"replies":[{"embeddable":true,"href":"https:\/\/adroit.legal\/fr\/wp-json\/wp\/v2\/comments?post=336566"}],"version-history":[{"count":6,"href":"https:\/\/adroit.legal\/fr\/wp-json\/wp\/v2\/pages\/336566\/revisions"}],"predecessor-version":[{"id":336745,"href":"https:\/\/adroit.legal\/fr\/wp-json\/wp\/v2\/pages\/336566\/revisions\/336745"}],"wp:attachment":[{"href":"https:\/\/adroit.legal\/fr\/wp-json\/wp\/v2\/media?parent=336566"}],"curies":[{"name":"wp","href":"https:\/\/api.w.org\/{rel}","templated":true}]}}