{"id":336569,"date":"2024-07-14T22:25:41","date_gmt":"2024-07-14T22:25:41","guid":{"rendered":"https:\/\/adroit.legal\/presenta-una-reclamacion\/"},"modified":"2024-11-12T07:16:33","modified_gmt":"2024-11-12T07:16:33","slug":"presenta-una-reclamacion","status":"publish","type":"page","link":"https:\/\/adroit.legal\/es\/presenta-una-reclamacion\/","title":{"rendered":"Presenta una reclamaci\u00f3n"},"content":{"rendered":"<p>[et_pb_section fb_built=\u00bb1&#8243; fullwidth=\u00bbon\u00bb _builder_version=\u00bb4.27.0&#8243; _module_preset=\u00bbdefault\u00bb custom_margin=\u00bb0px||||false|false\u00bb custom_padding=\u00bb0px||||false|false\u00bb global_colors_info=\u00bb{}\u00bb][et_pb_fullwidth_header title=\u00bbPresenta tu Queja aqu\u00ed:\u00bb button_one_text=\u00bbToma nota de nuestro Reglamento\u00bb button_one_url=\u00bbhttps:\/\/adroit.legal\/es\/reglamento-de-procedimiento\/\u00bb _builder_version=\u00bb4.27.0&#8243; _module_preset=\u00bbdefault\u00bb background_color=\u00bb#001E77&#8243; custom_margin=\u00bb-150px||||false|false\u00bb custom_padding=\u00bb200px||||false|false\u00bb global_colors_info=\u00bb{}\u00bb]<\/p>\n<p><span style=\"font-size: medium;\">Si una decisi\u00f3n del Proveedor de una Plataforma online ha vulnerado tus derechos, o si consideras que dicha decisi\u00f3n es ilegal, puedes simplemente presentar una reclamaci\u00f3n utilizando el siguiente formulario de contacto. ADROIT est\u00e1 obligado a resolver tu reclamaci\u00f3n de forma justa y transparente en un plazo de 90 d\u00edas.  <\/span><span style=\"font-size: medium;\"><em><span style=\"font-weight: 400;\"><\/span><\/em><\/span><span style=\"font-size: medium;\"><\/span><span style=\"font-size: medium;\">Para ser consciente de nuestros procedimientos, te rogamos que te familiarices con nuestro Reglamento:  <\/span><\/p>\n<p>[\/et_pb_fullwidth_header][\/et_pb_section][et_pb_section fb_built=\u00bb1&#8243; disabled_on=\u00bboff|off|off\u00bb _builder_version=\u00bb4.27.0&#8243; _module_preset=\u00bbdefault\u00bb background_color=\u00bb#001E77&#8243; use_background_color_gradient=\u00bbon\u00bb background_color_gradient_stops=\u00bb#001e77 0%|#002baa 100%\u00bb global_colors_info=\u00bb{}\u00bb][et_pb_row _builder_version=\u00bb4.26.1&#8243; _module_preset=\u00bbdefault\u00bb hover_enabled=\u00bb0&#8243; global_colors_info=\u00bb{}\u00bb sticky_enabled=\u00bb0&#8243;][et_pb_column type=\u00bb4_4&#8243; _builder_version=\u00bb4.26.1&#8243; _module_preset=\u00bbdefault\u00bb global_colors_info=\u00bb{}\u00bb][et_pb_code _builder_version=\u00bb4.27.3&#8243; _module_preset=\u00bbdefault\u00bb background_color=\u00bb#FFFFFF\u00bb custom_padding=\u00bb25px|25px|25px|25px|false|false\u00bb hover_enabled=\u00bb0&#8243; border_radii=\u00bbon|20px|20px|20px|20px\u00bb box_shadow_style=\u00bbpreset1&#8243; global_colors_info=\u00bb{}\u00bb sticky_enabled=\u00bb0&#8243; link_option_url_new_window=\u00bbon\u00bb]<!-- [et_pb_line_break_holder] --><!-- BEGIN Podio web form --><!-- [et_pb_line_break_holder] --><script src=\"https:\/\/podio.com\/webforms\/29175265\/2379117.js\"><\/script><!-- [et_pb_line_break_holder] --><script type=\"text\/javascript\"><!-- [et_pb_line_break_holder] -->  _podioWebForm.render(\"2379117\")<!-- [et_pb_line_break_holder] --><\/script><!-- [et_pb_line_break_holder] --><noscript><!-- [et_pb_line_break_holder] -->  <a href=\"https:\/\/podio.com\/webforms\/29175265\/2379117\" target=\"_blank\" rel=\"noopener\">Rellena el formulario<\/a><!-- [et_pb_line_break_holder] --><\/noscript><!-- [et_pb_line_break_holder] -->  <\/p>\n<div class=\"podio-webform-container\"><!-- [et_pb_line_break_holder] -->  <\/div>\n<p><!-- [et_pb_line_break_holder] --><!-- END Podio web form -->[\/et_pb_code][\/et_pb_column][\/et_pb_row][\/et_pb_section]<\/p>\n","protected":false},"excerpt":{"rendered":"<p>Si una decisi\u00f3n del Proveedor de una Plataforma online ha vulnerado tus derechos, o si consideras que dicha decisi\u00f3n es ilegal, puedes simplemente presentar una reclamaci\u00f3n utilizando el siguiente formulario de contacto. ADROIT est\u00e1 obligado a resolver tu reclamaci\u00f3n de forma justa y transparente en un plazo de 90 d\u00edas. Para ser consciente de nuestros procedimientos, te rogamos que te familiarices con nuestro Reglamento:<\/p>\n","protected":false},"author":2,"featured_media":0,"parent":0,"menu_order":0,"comment_status":"closed","ping_status":"closed","template":"","meta":{"_et_pb_use_builder":"on","_et_pb_old_content":"","_et_gb_content_width":"","om_disable_all_campaigns":false,"_monsterinsights_skip_tracking":false,"_monsterinsights_sitenote_active":false,"_monsterinsights_sitenote_note":"","_monsterinsights_sitenote_category":0,"footnotes":""},"class_list":["post-336569","page","type-page","status-publish","hentry"],"aioseo_notices":[],"_links":{"self":[{"href":"https:\/\/adroit.legal\/es\/wp-json\/wp\/v2\/pages\/336569","targetHints":{"allow":["GET"]}}],"collection":[{"href":"https:\/\/adroit.legal\/es\/wp-json\/wp\/v2\/pages"}],"about":[{"href":"https:\/\/adroit.legal\/es\/wp-json\/wp\/v2\/types\/page"}],"author":[{"embeddable":true,"href":"https:\/\/adroit.legal\/es\/wp-json\/wp\/v2\/users\/2"}],"replies":[{"embeddable":true,"href":"https:\/\/adroit.legal\/es\/wp-json\/wp\/v2\/comments?post=336569"}],"version-history":[{"count":6,"href":"https:\/\/adroit.legal\/es\/wp-json\/wp\/v2\/pages\/336569\/revisions"}],"predecessor-version":[{"id":336746,"href":"https:\/\/adroit.legal\/es\/wp-json\/wp\/v2\/pages\/336569\/revisions\/336746"}],"wp:attachment":[{"href":"https:\/\/adroit.legal\/es\/wp-json\/wp\/v2\/media?parent=336569"}],"curies":[{"name":"wp","href":"https:\/\/api.w.org\/{rel}","templated":true}]}}