{"id":336527,"date":"2024-07-14T15:57:26","date_gmt":"2024-07-14T15:57:26","guid":{"rendered":"https:\/\/adroit.legal\/sobre-nosotros\/"},"modified":"2024-10-24T10:36:56","modified_gmt":"2024-10-24T10:36:56","slug":"sobre-nosotros","status":"publish","type":"page","link":"https:\/\/adroit.legal\/es\/sobre-nosotros\/","title":{"rendered":"Sobre nosotros"},"content":{"rendered":"<p>[et_pb_section fb_built=\u00bb1&#8243; fullwidth=\u00bbon\u00bb _builder_version=\u00bb4.27.0&#8243; _module_preset=\u00bbdefault\u00bb background_color=\u00bb#001E77&#8243; position_origin_r=\u00bbbottom_left\u00bb custom_margin=\u00bb-100px||||false|false\u00bb custom_margin_tablet=\u00bb0px||||false|false\u00bb custom_margin_phone=\u00bb0px||||false|false\u00bb custom_margin_last_edited=\u00bbon|desktop\u00bb custom_padding=\u00bb150px||||false|false\u00bb global_colors_info=\u00bb{}\u00bb][et_pb_fullwidth_header title=\u00bbQui\u00e9nes somos: Tus expertos en resoluci\u00f3n de litigios comerciales en el espacio digital.  \u00bb button_one_text=\u00bbS\u00edguenos en LinkedIn\u00bb button_one_url=\u00bbhttps:\/\/www.linkedin.com\/company\/adroit-legal\/\u00bb _builder_version=\u00bb4.27.0&#8243; _module_preset=\u00bbdefault\u00bb background_color=\u00bb#001E77&#8243; custom_padding=\u00bb0px||||false|false\u00bb link_option_url_new_window=\u00bbon\u00bb global_colors_info=\u00bb{}\u00bb]<\/p>\n<p>&nbsp;<\/p>\n<p><span style=\"font-size: large;\">ADROIT ofrece Acuerdos extrajudiciales seg\u00fan el Art. 21 de la Ley de Servicios Digitales, as\u00ed como Mediaci\u00f3n seg\u00fan el Art. 12 P2B. ADROIT y todos nuestros mediadores cumplen los estrictos criterios establecidos por la DSA en cuanto a su cualificaci\u00f3n e independencia. ADROIT presta servicios en todo el mercado de la UE.    <\/span><\/p>\n<p>[\/et_pb_fullwidth_header][\/et_pb_section][et_pb_section fb_built=\u00bb1&#8243; disabled_on=\u00bboff|off|off\u00bb _builder_version=\u00bb4.27.0&#8243; _module_preset=\u00bbdefault\u00bb global_colors_info=\u00bb{}\u00bb][et_pb_row _builder_version=\u00bb4.27.0&#8243; _module_preset=\u00bbdefault\u00bb global_colors_info=\u00bb{}\u00bb][et_pb_column type=\u00bb4_4&#8243; _builder_version=\u00bb4.27.0&#8243; _module_preset=\u00bbdefault\u00bb global_colors_info=\u00bb{}\u00bb][et_pb_heading title=\u00bbNuestra soluci\u00f3n todo en uno: Art. 21 Acuerdo DSA y Art. 12 Mediaci\u00f3n P2B\u00bb _builder_version=\u00bb4.27.0&#8243; _module_preset=\u00bbdefault\u00bb global_colors_info=\u00bb{}\u00bb][\/et_pb_heading][et_pb_text _builder_version=\u00bb4.27.0&#8243; _module_preset=\u00bbdefault\u00bb global_colors_info=\u00bb{}\u00bb]<\/p>\n<p>El legislador europeo ha establecido la resoluci\u00f3n alternativa de litigios en el Art. 21 de la Ley de Servicios Digitales (Reglamento UE 2022\/2065), as\u00ed como en el Art. 12 del Reglamento \u00abP2B\u00bb (Reglamento UE 2019\/1150). Especialmente en lo que respecta a los litigios comerciales, a menudo es mera casualidad en qu\u00e9 r\u00e9gimen se va a resolver el litigio. Por ello, ADROIT ofrece tanto la Resoluci\u00f3n extrajudicial seg\u00fan el ACA, como la Mediaci\u00f3n seg\u00fan el Reglamento P2B. Aunque el \u00e1mbito de aplicaci\u00f3n del Reglamento P2B es m\u00e1s limitado, ya que \u00abs\u00f3lo\u00bb cubre los litigios entre las Plataformas y sus Usuarios-Empresas, la opini\u00f3n predominante en la literatura jur\u00eddica es que su aplicaci\u00f3n tiene prioridad. Por lo tanto, si el Reglamento P2B es aplicable, la soluci\u00f3n seg\u00fan la DSA podr\u00eda ser subsidiaria. En la pr\u00e1ctica, ADROIT evaluar\u00e1 si una reclamaci\u00f3n debe tramitarse conforme al ACA o al r\u00e9gimen P2B, e informar\u00e1 a las partes de qu\u00e9 reglamento es aplicable. Debido a nuestra amplia oferta, los litigios suelen ser admisibles en cualquiera de los dos reg\u00edmenes.      <\/p>\n<p>[\/et_pb_text][\/et_pb_column][\/et_pb_row][et_pb_row column_structure=\u00bb1_2,1_2&#8243; custom_padding_last_edited=\u00bbon|phone\u00bb _builder_version=\u00bb4.27.0&#8243; _module_preset=\u00bbdefault\u00bb background_enable_color=\u00bboff\u00bb use_background_color_gradient=\u00bbon\u00bb background_color_gradient_stops=\u00bb#dcebfe 0%|rgba(220,235,254,0.3) 99%\u00bb custom_padding=\u00bb25px|25px|25px|25px|false|false\u00bb custom_padding_tablet=\u00bb25px|25px|25px|25px|false|false\u00bb custom_padding_phone=\u00bb10px|10px|10px|10px|false|false\u00bb border_radii=\u00bbon|15px|15px|15px|15px\u00bb box_shadow_style=\u00bbpreset1&#8243; global_colors_info=\u00bb{}\u00bb background__hover_enabled=\u00bbon|hover\u00bb background_color_gradient_stops__hover=\u00bb#ffcc00 1%|rgba(220,235,254,0.3) 99%\u00bb use_background_color_gradient__hover=\u00bbon\u00bb][et_pb_column type=\u00bb1_2&#8243; _builder_version=\u00bb4.27.0&#8243; _module_preset=\u00bbdefault\u00bb global_colors_info=\u00bb{}\u00bb][et_pb_heading title=\u00bbArt\u00edculo 21. Acuerdo DSA \u00bb _builder_version=\u00bb4.27.0&#8243; _module_preset=\u00bbdefault\u00bb global_colors_info=\u00bb{}\u00bb][\/et_pb_heading][et_pb_cta button_text=\u00bbHaz clic aqu\u00ed\u00bb _builder_version=\u00bb4.27.0&#8243; _module_preset=\u00bbdefault\u00bb background_color=\u00bb#001E77&#8243; height_tablet=\u00bbauto\u00bb height_phone=\u00bbauto\u00bb height_last_edited=\u00bbon|phone\u00bb custom_margin=\u00bb|0px||0px|false|false\u00bb custom_padding_tablet=\u00bb\u00bb custom_padding_phone=\u00bb|10px||10px|false|false\u00bb custom_padding_last_edited=\u00bbon|phone\u00bb background_last_edited=\u00bboff|desktop\u00bb border_radii=\u00bbon|15px|15px|15px|15px\u00bb global_colors_info=\u00bb{}\u00bb background__hover_enabled=\u00bbon|hover\u00bb background_color__hover=\u00bb#002BAA\u00bb background_enable_color__hover=\u00bbon\u00bb]<\/p>\n<p style=\"text-align: left;\">Nuestra competencia para resolver litigios como \u00d3rgano de Soluci\u00f3n Extrajudicial certificado seg\u00fan el Art. 21 de la Ley de Servicios Digitales, radica especialmente en las \u00e1reas de especializaci\u00f3n que se detallan a continuaci\u00f3n. De acuerdo con nuestra licencia, ADROIT puede resolver litigios relativos a decisiones impugnables de plataformas de compras y reservas en l\u00ednea, plataformas de intercambio de contenidos y marketing basado en contenidos, plataformas de crowdfunding y pr\u00e9stamos P2P, plataformas Web3, Defi, NFT y fintech, as\u00ed como plataformas de juegos, apuestas y juegos de azar, y plataformas y mercados de comercio B2B, B2C y P2P. <\/p>\n<p>[\/et_pb_cta][\/et_pb_column][et_pb_column type=\u00bb1_2&#8243; _builder_version=\u00bb4.27.0&#8243; _module_preset=\u00bbdefault\u00bb global_colors_info=\u00bb{}\u00bb][et_pb_heading title=\u00bbArt. 12 P2B Mediaci\u00f3n\u00bb _builder_version=\u00bb4.27.0&#8243; _module_preset=\u00bbdefault\u00bb global_colors_info=\u00bb{}\u00bb][\/et_pb_heading][et_pb_cta button_text=\u00bbHaz clic aqu\u00ed\u00bb _builder_version=\u00bb4.27.0&#8243; _module_preset=\u00bbdefault\u00bb background_color=\u00bb#001E77&#8243; height_tablet=\u00bbauto\u00bb height_phone=\u00bbauto\u00bb height_last_edited=\u00bbon|tablet\u00bb custom_padding_tablet=\u00bb\u00bb custom_padding_phone=\u00bb|5px||5px|false|false\u00bb custom_padding_last_edited=\u00bbon|phone\u00bb border_radii=\u00bbon|15px|15px|15px|15px\u00bb global_colors_info=\u00bb{}\u00bb background__hover_enabled=\u00bbon|hover\u00bb background_color__hover=\u00bb#002BAA\u00bb background_enable_color__hover=\u00bbon\u00bb]<\/p>\n<p style=\"text-align: left;\">Adem\u00e1s de ser un \u00f3rgano de resoluci\u00f3n extrajudicial certificado por la AED, los Mediadores de ADROIT ofrecen Mediaci\u00f3n seg\u00fan el Art. 12 de la  <span>Reglamento (UE) 2019\/1150 (Reglamento P2B). Especialmente en lo que se refiere a la independencia de los organismos, el DSA es a\u00fan m\u00e1s estricto que el P2B. Por tanto, ADROIT puede ofrecer un enfoque hol\u00edstico de la resoluci\u00f3n de litigios comerciales digitales, que abarca todos los aspectos de la normativa europea sobre plataformas\/mercados. Seg\u00fan la normativa P2B, las Plataformas pueden nombrar a dos mediadores en sus t\u00e9rminos y condiciones, con los que est\u00e9n dispuestos a trabajar. En la pr\u00e1ctica, las Plataformas suelen nombrar organismos de mediaci\u00f3n.      <\/span><\/p>\n<p>[\/et_pb_cta][\/et_pb_column][\/et_pb_row][\/et_pb_section][et_pb_section fb_built=\u00bb1&#8243; _builder_version=\u00bb4.26.1&#8243; _module_preset=\u00bbdefault\u00bb background_image=\u00bbhttps:\/\/adroit.legal\/wp-content\/uploads\/2024\/07\/paralegal-06.jpg\u00bb parallax=\u00bbon\u00bb parallax_method=\u00bboff\u00bb global_colors_info=\u00bb{}\u00bb][et_pb_row column_structure=\u00bb1_3,2_3&#8243; _builder_version=\u00bb4.26.0&#8243; _module_preset=\u00bbdefault\u00bb global_colors_info=\u00bb{}\u00bb][et_pb_column type=\u00bb1_3&#8243; _builder_version=\u00bb4.26.0&#8243; _module_preset=\u00bbdefault\u00bb global_colors_info=\u00bb{}\u00bb][\/et_pb_column][et_pb_column type=\u00bb2_3&#8243; _builder_version=\u00bb4.26.0&#8243; _module_preset=\u00bbdefault\u00bb global_colors_info=\u00bb{}\u00bb][et_pb_heading title=\u00bb\u00c1reas de especializaci\u00f3n dentro de la AVD:\u00bb _builder_version=\u00bb4.27.0&#8243; _module_preset=\u00bbdefault\u00bb title_text_color=\u00bb#011140&#8243; global_colors_info=\u00bb{}\u00bb][\/et_pb_heading][et_pb_accordion _builder_version=\u00bb4.26.0&#8243; _module_preset=\u00bbdefault\u00bb global_colors_info=\u00bb{}\u00bb][et_pb_accordion_item title=\u00bbPlataformas de compras y reservas online\u00bb open=\u00bbon\u00bb _builder_version=\u00bb4.26.0&#8243; _module_preset=\u00bbdefault\u00bb global_colors_info=\u00bb{}\u00bb]<\/p>\n<p>Las plataformas de reservas son plataformas digitales que permiten a los usuarios buscar, comparar y reservar en l\u00ednea distintos tipos de servicios, actividades o alojamiento. Estas plataformas act\u00faan como intermediarias entre los proveedores de servicios y los clientes, facilitan el proceso de reserva y proporcionan una interfaz central para organizar citas o reservas. citas o reservas. El proceso comienza cuando los usuarios se registran en la plataforma de reservas y buscan los y buscan los servicios deseados. Esto puede incluir la reserva de habitaciones de hotel, vuelos, restaurantes, eventos, excursiones u otras actividades. Los proveedores de servicios pueden publicar regularmente su disponibilidad, precios y otra informaci\u00f3n en la plataforma.     <\/p>\n<p>[\/et_pb_accordion_item][et_pb_accordion_item title=\u00bbCompartir contenidos y plataformas de marketing basadas en contenidos\u00bb _builder_version=\u00bb4.26.0&#8243; _module_preset=\u00bbdefault\u00bb global_colors_info=\u00bb{}\u00bb open=\u00bboff\u00bb]<\/p>\n<p>Las plataformas para compartir contenidos son plataformas en l\u00ednea que permiten a los usuarios subir, compartir e interactuar con distintos tipos de contenidos, como fotos, v\u00eddeos, m\u00fasica, obras de arte y mucho m\u00e1s. Estas plataformas sirven como lugares centralizados donde los usuarios pueden mostrar, descubrir y compartir sus obras creativas con una comunidad m\u00e1s amplia. El proceso comienza cuando los usuarios se registran en la plataforma de intercambio de contenidos y crean una cuenta. Tras iniciar sesi\u00f3n, pueden subir sus propios contenidos a la plataforma.   <\/p>\n<p>Las redes sociales son plataformas en l\u00ednea que permiten a las personas establecer relaciones digitales, compartir contenidos para establecer relaciones digitales, compartir contenidos, comunicarse entre s\u00ed e intercambiar informaci\u00f3n. Estas redes crean comunidades virtuales en las que los usuarios est\u00e1n conectados entre s\u00ed y pueden compartir sus intereses, opiniones y experiencias.El proceso comienza cuando un usuario se registra en una red social, crea un perfil y establece conexiones con otros usuarios, ya sea a\u00f1adiendo amigos, siguiendo cuentas o uni\u00e9ndose a grupos. grupos. A continuaci\u00f3n, la plataforma ofrece diversas funciones que permiten a los usuarios compartir contenidos, comentar publicaciones, intercambiar mensajes y realizar un seguimiento de las actividades en tiempo real.<br \/>realizar un seguimiento de las actividades en tiempo real. Las redes sociales permiten a los usuarios compartir fotos, v\u00eddeos, actualizaciones de estado y enlaces. y enlaces. Las actividades de los usuarios suelen agregarse en un newsfeed o panel de control donde pueden ver las \u00faltimas publicaciones de sus amigos y contactos. Los algoritmos de la plataforma suelen decidir qu\u00e9 contenido se muestra en el newsfeed en funci\u00f3n de las interacciones y preferencias de los usuarios.       <\/p>\n<p>[\/et_pb_accordion_item][et_pb_accordion_item title=\u00bbCrowdfunding y pr\u00e9stamos P2P\u00bb _builder_version=\u00bb4.26.0&#8243; _module_preset=\u00bbdefault\u00bb global_colors_info=\u00bb{}\u00bb open=\u00bboff\u00bb]<\/p>\n<p>Los servicios de crowdfunding son plataformas online que permiten a particulares, empresarios u organizaciones recaudar apoyo financiero de un gran n\u00famero de personas, para financiar proyectos, ideas o campa\u00f1as. Estas plataformas act\u00faan como intermediarias entre quienes buscan financiaci\u00f3n (iniciadores del proyecto) y quienes est\u00e1n dispuestos a donar o invertir dinero (simpatizantes), para donar o invertir dinero (simpatizantes). El proceso comienza cuando el promotor de un proyecto se registra en la plataforma de financiaci\u00f3n colectiva y crea una campa\u00f1a. En esta campa\u00f1a se dan detalles sobre el proyecto, el objetivo de financiaci\u00f3n, el plazo y las posibles recompensas o contraprestaciones ofrecidas a los simpatizantes. La campa\u00f1a puede incluir desde proyectos creativos, como producciones musicales o cinematogr\u00e1ficas, hasta iniciativas sociales, innovaciones tecnol\u00f3gicas o ideas empresariales. El funcionamiento de los servicios de crowdfunding se basa en que los simpatizantes realizan aportaciones monetarias para financiar el proyecto.     <\/p>\n<p>[\/et_pb_accordion_item][et_pb_accordion_item title=\u00bbPlataformas y protocolos Web3, Defi, NFT y Fintech\u00bb _builder_version=\u00bb4.26.0&#8243; _module_preset=\u00bbdefault\u00bb global_colors_info=\u00bb{}\u00bb open=\u00bboff\u00bb]<\/p>\n<p>ADROIT resuelve resoluciones relativas a productos de innovaci\u00f3n financiera, sin embargo, especialmente en este \u00e1mbito de nuestra competencia, debe determinarse caso por caso si la plataforma puede considerarse una Plataforma Online en el sentido de la Ley de Servicios Digitales.  <\/p>\n<p>[\/et_pb_accordion_item][et_pb_accordion_item title=\u00bbPlataformas de juegos, juegos y apuestas\u00bb _builder_version=\u00bb4.26.0&#8243; _module_preset=\u00bbdefault\u00bb global_colors_info=\u00bb{}\u00bb open=\u00bboff\u00bb]<\/p>\n<p>El alojamiento de servidores de juegos es un servicio que permite a los desarrolladores de juegos y a las comunidades de jugadores hacer accesibles los juegos en l\u00ednea proporcionando y gestionando servidores para experiencias multijugador. Este servicio proporciona la infraestructura necesaria para que los jugadores interact\u00faen entre s\u00ed. El proceso comienza cuando un desarrollador de juegos o una comunidad de jugadores elige el alojamiento de servidores de juegos.  <\/p>\n<p>Es muy probable que tales servicios entren en el \u00e1mbito de aplicaci\u00f3n del ACA, especialmente cuando los jugadores pueden hacer compras en el juego a terceros a trav\u00e9s de un mercado integrado.  <\/p>\n<p>&nbsp;<\/p>\n<p>[\/et_pb_accordion_item][et_pb_accordion_item title=\u00bbPlataformas y mercados de comercio B2B, B2C y P2P\u00bb _builder_version=\u00bb4.26.0&#8243; _module_preset=\u00bbdefault\u00bb global_colors_info=\u00bb{}\u00bb open=\u00bboff\u00bb]<\/p>\n<p>Los mercados online son plataformas digitales en las que los vendedores pueden comercializar y vender sus productos o servicios a compradores potenciales. Estas plataformas crean un entorno virtual que permite a empresas y particulares comerciar sin estar f\u00edsicamente presentes en un lugar concreto. El proceso comienza cuando los vendedores se registran en el mercado online y publican sus productos o servicios. Esto puede incluir una amplia gama de bienes, desde electr\u00f3nica a ropa, pasando por artesan\u00eda o incluso servicios como alojamiento o transporte. Los compradores, a su vez, pueden registrarse en la plataforma, buscar productos y hacer los pedidos necesarios. El funcionamiento de los mercados online se basa en la creaci\u00f3n de perfiles para vendedores y compradores, donde se facilita informaci\u00f3n sobre los productos ofertados, precios, opiniones y otros detalles relevantes. Los compradores pueden navegar por la plataforma, comparar productos, leer opiniones y realizar sus compras. Las plataformas suelen ofrecer opciones de pago seguras para facilitar las transacciones entre compradores y vendedores.       <\/p>\n<p>[\/et_pb_accordion_item][\/et_pb_accordion][\/et_pb_column][\/et_pb_row][\/et_pb_section][et_pb_section fb_built=\u00bb1&#8243; fullwidth=\u00bbon\u00bb _builder_version=\u00bb4.27.0&#8243; _module_preset=\u00bbdefault\u00bb background_color=\u00bb#001E77&#8243; global_colors_info=\u00bb{}\u00bb][et_pb_fullwidth_header title=\u00bb\u00bfTu empresa se ajusta a una de las descripciones de negocio anteriores?  \u00bb button_one_text=\u00bbContacta con nosotros aqu\u00ed\u00bb button_one_url=\u00bbhttps:\/\/adroit.legal\/subscription\/\u00bb _builder_version=\u00bb4.27.0&#8243; _module_preset=\u00bbdefault\u00bb background_enable_color=\u00bboff\u00bb link_option_url=\u00bbhttps:\/\/adroit.legal\/business-contact-subscription\/\u00bb link_option_url_new_window=\u00bbon\u00bb global_colors_info=\u00bb{}\u00bb]<\/p>\n<p>&nbsp;<\/p>\n<p>&nbsp;<\/p>\n<p>[\/et_pb_fullwidth_header][\/et_pb_section]<\/p>\n","protected":false},"excerpt":{"rendered":"<p>&nbsp; ADROIT ofrece Acuerdos extrajudiciales seg\u00fan el Art. 21 de la Ley de Servicios Digitales, as\u00ed como Mediaci\u00f3n seg\u00fan el Art. 12 P2B. ADROIT y todos nuestros mediadores cumplen los estrictos criterios establecidos por la DSA en cuanto a su cualificaci\u00f3n e independencia. ADROIT presta servicios en todo el mercado de la UE. El legislador europeo ha establecido la resoluci\u00f3n alternativa de litigios en el Art. 21 de la Ley de Servicios Digitales (Reglamento UE 2022\/2065), as\u00ed como en el Art. 12 del Reglamento \u00abP2B\u00bb (Reglamento UE 2019\/1150). Especialmente en lo que respecta a los litigios comerciales, a menudo es mera casualidad en qu\u00e9 r\u00e9gimen se va a resolver el litigio. Por ello, ADROIT ofrece tanto la Resoluci\u00f3n extrajudicial seg\u00fan el ACA, como la Mediaci\u00f3n seg\u00fan el Reglamento P2B. Aunque el \u00e1mbito de aplicaci\u00f3n del Reglamento P2B es m\u00e1s limitado, ya que \u00abs\u00f3lo\u00bb cubre los litigios entre las Plataformas y sus Usuarios-Empresas, la opini\u00f3n predominante en la literatura jur\u00eddica es que su aplicaci\u00f3n tiene prioridad. Por lo tanto, si el Reglamento P2B es aplicable, la soluci\u00f3n seg\u00fan la DSA podr\u00eda ser subsidiaria. En la pr\u00e1ctica, ADROIT evaluar\u00e1 si una reclamaci\u00f3n debe tramitarse conforme al ACA o al r\u00e9gimen P2B, e [&hellip;]<\/p>\n","protected":false},"author":2,"featured_media":0,"parent":0,"menu_order":0,"comment_status":"closed","ping_status":"closed","template":"","meta":{"_et_pb_use_builder":"on","_et_pb_old_content":"","_et_gb_content_width":"","om_disable_all_campaigns":false,"_monsterinsights_skip_tracking":false,"_monsterinsights_sitenote_active":false,"_monsterinsights_sitenote_note":"","_monsterinsights_sitenote_category":0,"footnotes":""},"class_list":["post-336527","page","type-page","status-publish","hentry"],"aioseo_notices":[],"_links":{"self":[{"href":"https:\/\/adroit.legal\/es\/wp-json\/wp\/v2\/pages\/336527","targetHints":{"allow":["GET"]}}],"collection":[{"href":"https:\/\/adroit.legal\/es\/wp-json\/wp\/v2\/pages"}],"about":[{"href":"https:\/\/adroit.legal\/es\/wp-json\/wp\/v2\/types\/page"}],"author":[{"embeddable":true,"href":"https:\/\/adroit.legal\/es\/wp-json\/wp\/v2\/users\/2"}],"replies":[{"embeddable":true,"href":"https:\/\/adroit.legal\/es\/wp-json\/wp\/v2\/comments?post=336527"}],"version-history":[{"count":2,"href":"https:\/\/adroit.legal\/es\/wp-json\/wp\/v2\/pages\/336527\/revisions"}],"predecessor-version":[{"id":336529,"href":"https:\/\/adroit.legal\/es\/wp-json\/wp\/v2\/pages\/336527\/revisions\/336529"}],"wp:attachment":[{"href":"https:\/\/adroit.legal\/es\/wp-json\/wp\/v2\/media?parent=336527"}],"curies":[{"name":"wp","href":"https:\/\/api.w.org\/{rel}","templated":true}]}}