{"id":336647,"date":"2024-08-01T19:25:30","date_gmt":"2024-08-01T19:25:30","guid":{"rendered":"https:\/\/adroit.legal\/subscription\/"},"modified":"2024-10-25T18:10:58","modified_gmt":"2024-10-25T18:10:58","slug":"subscription","status":"publish","type":"page","link":"https:\/\/adroit.legal\/de\/subscription\/","title":{"rendered":"Subscription"},"content":{"rendered":"<p>[et_pb_section fb_built=&#8220;1&#8243; fullwidth=&#8220;on&#8220; _builder_version=&#8220;4.27.0&#8243; _module_preset=&#8220;default&#8220; background_color=&#8220;#001E77&#8243; custom_margin=&#8220;-200px||||false|false&#8220; custom_padding=&#8220;200px||||false|false&#8220; global_colors_info=&#8220;{}&#8220;][et_pb_fullwidth_header title=&#8220;Request a Quote&#8220; _builder_version=&#8220;4.27.0&#8243; _module_preset=&#8220;default&#8220; background_enable_color=&#8220;off&#8220; global_colors_info=&#8220;{}&#8220;]<\/p>\n<p>M\u00f6chten Sie uns im Namen einer Online-Plattform kontaktieren, weil Sie an einer DSA- oder P2B-konformen Streitbeilegung interessiert sind, stehen wir Ihnen gerne mit individuell zugeschnittenen Angeboten zur Verf\u00fcgung, die Ihren spezifischen Bed\u00fcrfnissen entsprechen. F\u00fcllen Sie gerne das untenstehende Anmeldeformular aus, um Ihr Interesse an ADROITs Schlichtungsdienstleistungen zu bekunden. Wir werden uns in K\u00fcrze mit Ihnen in Verbindung setzen, um die bestm\u00f6gliche L\u00f6sungen zu finden.  <\/p>\n<p>[\/et_pb_fullwidth_header][\/et_pb_section][et_pb_section fb_built=&#8220;1&#8243; _builder_version=&#8220;4.27.0&#8243; _module_preset=&#8220;default&#8220; hover_enabled=&#8220;0&#8243; global_colors_info=&#8220;{}&#8220; background_enable_color=&#8220;off&#8220; use_background_color_gradient=&#8220;on&#8220; background_color_gradient_stops=&#8220;#dcebfe 0%|#002baa 100%&#8220; sticky_enabled=&#8220;0&#8243;][et_pb_row _builder_version=&#8220;4.27.0&#8243; _module_preset=&#8220;default&#8220; hover_enabled=&#8220;0&#8243; global_colors_info=&#8220;{}&#8220; background_color=&#8220;#FFFFFF&#8220; border_radii=&#8220;on|25px|25px|25px|25px&#8220; box_shadow_style=&#8220;preset2&#8243; sticky_enabled=&#8220;0&#8243;][et_pb_column type=&#8220;4_4&#8243; _builder_version=&#8220;4.27.0&#8243; _module_preset=&#8220;default&#8220; global_colors_info=&#8220;{}&#8220;][et_pb_code _builder_version=&#8220;4.27.0&#8243; _module_preset=&#8220;default&#8220; global_colors_info=&#8220;{}&#8220;]<!-- BEGIN Podio web form --><!-- [et_pb_line_break_holder] --><script src=\"https:\/\/podio.com\/webforms\/29175264\/2463357.js\"><\/script><!-- [et_pb_line_break_holder] --><script type=\"text\/javascript\"><!-- [et_pb_line_break_holder] -->  _podioWebForm.render(\"2463357\")<!-- [et_pb_line_break_holder] --><\/script><!-- [et_pb_line_break_holder] --><noscript><!-- [et_pb_line_break_holder] -->  <a href=\"https:\/\/podio.com\/webforms\/29175264\/2463357\" target=\"_blank\" rel=\"noopener\">Bitte f\u00fcllen Sie das Formular aus<\/a><!-- [et_pb_line_break_holder] --><\/noscript><!-- [et_pb_line_break_holder] -->  <\/p>\n<div class=\"podio-webform-container\"><!-- [et_pb_line_break_holder] -->  <!-- [et_pb_line_break_holder] -->  <\/div>\n<p><!-- [et_pb_line_break_holder] --><!-- END Podio web form -->[\/et_pb_code][\/et_pb_column][\/et_pb_row][\/et_pb_section]<\/p>\n","protected":false},"excerpt":{"rendered":"<p>M\u00f6chten Sie uns im Namen einer Online-Plattform kontaktieren, weil Sie an einer DSA- oder P2B-konformen Streitbeilegung interessiert sind, stehen wir Ihnen gerne mit individuell zugeschnittenen Angeboten zur Verf\u00fcgung, die Ihren spezifischen Bed\u00fcrfnissen entsprechen. F\u00fcllen Sie gerne das untenstehende Anmeldeformular aus, um Ihr Interesse an ADROITs Schlichtungsdienstleistungen zu bekunden. Wir werden uns in K\u00fcrze mit Ihnen in Verbindung setzen, um die bestm\u00f6gliche L\u00f6sungen zu finden.<\/p>\n","protected":false},"author":2,"featured_media":0,"parent":0,"menu_order":0,"comment_status":"closed","ping_status":"closed","template":"","meta":{"_et_pb_use_builder":"on","_et_pb_old_content":"","_et_gb_content_width":"","om_disable_all_campaigns":false,"_monsterinsights_skip_tracking":false,"_monsterinsights_sitenote_active":false,"_monsterinsights_sitenote_note":"","_monsterinsights_sitenote_category":0,"footnotes":""},"class_list":["post-336647","page","type-page","status-publish","hentry"],"aioseo_notices":[],"_links":{"self":[{"href":"https:\/\/adroit.legal\/de\/wp-json\/wp\/v2\/pages\/336647","targetHints":{"allow":["GET"]}}],"collection":[{"href":"https:\/\/adroit.legal\/de\/wp-json\/wp\/v2\/pages"}],"about":[{"href":"https:\/\/adroit.legal\/de\/wp-json\/wp\/v2\/types\/page"}],"author":[{"embeddable":true,"href":"https:\/\/adroit.legal\/de\/wp-json\/wp\/v2\/users\/2"}],"replies":[{"embeddable":true,"href":"https:\/\/adroit.legal\/de\/wp-json\/wp\/v2\/comments?post=336647"}],"version-history":[{"count":2,"href":"https:\/\/adroit.legal\/de\/wp-json\/wp\/v2\/pages\/336647\/revisions"}],"predecessor-version":[{"id":336649,"href":"https:\/\/adroit.legal\/de\/wp-json\/wp\/v2\/pages\/336647\/revisions\/336649"}],"wp:attachment":[{"href":"https:\/\/adroit.legal\/de\/wp-json\/wp\/v2\/media?parent=336647"}],"curies":[{"name":"wp","href":"https:\/\/api.w.org\/{rel}","templated":true}]}}