{"id":336536,"date":"2024-07-14T16:09:09","date_gmt":"2024-07-14T16:09:09","guid":{"rendered":"https:\/\/adroit.legal\/kontakt\/"},"modified":"2024-10-29T16:22:25","modified_gmt":"2024-10-29T16:22:25","slug":"kontakt","status":"publish","type":"page","link":"https:\/\/adroit.legal\/de\/kontakt\/","title":{"rendered":"Kontakt"},"content":{"rendered":"<p>[et_pb_section fb_built=&#8220;1&#8243; fullwidth=&#8220;on&#8220; admin_label=&#8220;Section&#8220; _builder_version=&#8220;4.27.0&#8243; _module_preset=&#8220;default&#8220; background_color=&#8220;#001E77&#8243; custom_margin=&#8220;-80px||||false|false&#8220; custom_margin_tablet=&#8220;0px||||false|false&#8220; custom_margin_phone=&#8220;0px||||false|false&#8220; custom_margin_last_edited=&#8220;on|phone&#8220; custom_padding=&#8220;0px||||false|false&#8220; global_colors_info=&#8220;{}&#8220;][et_pb_fullwidth_header title=&#8220;Sind Sie der Anbieter einer Online-Plattform oder anderweitig an unseren Diensten interessiert?  &#8220; button_one_text=&#8220;Beschwerde einreichen&#8220; button_one_url=&#8220;https:\/\/adroit.legal\/de\/beschwerde-einreichen\/&#8220; admin_label=&#8220;Fullwidth Header&#8220; _builder_version=&#8220;4.27.0&#8243; _module_preset=&#8220;default&#8220; title_font=&#8220;Abel||||||||&#8220; content_font=&#8220;Abel||||||||&#8220; background_enable_color=&#8220;off&#8220; custom_margin=&#8220;75px||||false|false&#8220; custom_margin_tablet=&#8220;-60px||||false|false&#8220; custom_margin_phone=&#8220;-60px||||false|false&#8220; custom_margin_last_edited=&#8220;on|desktop&#8220; custom_padding=&#8220;110px||||false|false&#8220; link_option_url_new_window=&#8220;on&#8220; scroll_scaling=&#8220;0|50|50|100|100%|105%|100%&#8220; inline_fonts=&#8220;Abel&#8220; global_colors_info=&#8220;{}&#8220;]<\/p>\n<p><span style=\"font-family: Abel;\"> <\/span><\/p>\n<p><span style=\"font-family: Abel;\">Die Einrichtung einer Streitbeilegung gem\u00e4\u00df Art. 21 des Gesetzes \u00fcber digitale Dienste ist ein wichtiger Punkt, den Sie beachten sollten, wenn Sie Ihre Online-Plattform DSA-konform machen. Wir helfen Ihnen gerne dabei, sicherzustellen, dass Ihr Unternehmen seiner Verpflichtung gem\u00e4\u00df Art. 21 DSA nachkommt. <\/span><\/p>\n<p><span style=\"font-family: Abel;\"> <\/span><\/p>\n<p><span style=\"font-family: Abel;\">Wenn Sie nicht der Anbieter einer Online-Plattform sind und sich aus anderen Gr\u00fcnden an uns wenden m\u00f6chten, k\u00f6nnen Sie das gerne tun.<\/span><\/p>\n<p><span style=\"font-family: Abel;\"><\/span><\/p>\n<p><span style=\"font-family: Abel;\"><\/span><\/p>\n<p><span style=\"font-family: Abel;\"><\/span><\/p>\n<p><span style=\"font-family: Abel;\"><\/span><\/p>\n<p><span style=\"font-family: Abel;\"><\/span><\/p>\n<p><span style=\"font-family: Abel;\"><\/span><\/p>\n<p><span style=\"font-family: Abel;\"><\/span><\/p>\n<p><span style=\"font-family: Abel;\"><\/span><\/p>\n<h2><span style=\"color: #ffcc00;\"><\/span><\/h2>\n<h2><span style=\"color: #ffcc00;\">Bitte beachten Sie: Dies ist <span style=\"text-decoration: underline;\">NICHT<\/span> das Formular zum Einreichen einer Beschwerde<\/span><span style=\"color: #ffcc00;\">! <\/span> <\/h2>\n<p><span style=\"color: #ffcc00;\"><\/span><\/p>\n<p><span style=\"color: #ffcc00;\"><\/span><\/p>\n<p>[\/et_pb_fullwidth_header][\/et_pb_section][et_pb_section fb_built=&#8220;1&#8243; admin_label=&#8220;Section&#8220; _builder_version=&#8220;4.26.0&#8243; _module_preset=&#8220;default&#8220; background_enable_color=&#8220;off&#8220; background_enable_image=&#8220;off&#8220; global_colors_info=&#8220;{}&#8220;][et_pb_row _builder_version=&#8220;4.26.0&#8243; _module_preset=&#8220;default&#8220; global_colors_info=&#8220;{}&#8220;][et_pb_column type=&#8220;4_4&#8243; _builder_version=&#8220;4.26.0&#8243; _module_preset=&#8220;default&#8220; global_colors_info=&#8220;{}&#8220;][et_pb_heading title=&#8220;Nehmen Sie Kontakt auf:  &#8220; _builder_version=&#8220;4.26.0&#8243; _module_preset=&#8220;default&#8220; global_colors_info=&#8220;{}&#8220;][\/et_pb_heading][et_pb_text _builder_version=&#8220;4.26.0&#8243; _module_preset=&#8220;default&#8220; global_colors_info=&#8220;{}&#8220;]<\/p>\n<p>Bitte nutzen Sie das folgende Kontaktformular, um mit uns in Kontakt zu treten oder eine Kooperation mit ADROIT zur DSA-konformen Beilegung von Streitigkeiten mit Nutzern Ihrer Online-Plattform einzuleiten.  <\/p>\n<p>[\/et_pb_text][et_pb_contact_form email=&#8220;info@adroit.legal, loennecker@adroit.legal, stockhausen@adroit.legal, info@rgoal.org, loennecker@rgoal.org, wegert@rgoal.org, stockhausen@rgoal.org&#8220; success_message=&#8220;Wir haben Ihre Nachricht erhalten! Wir werden uns in K\u00fcrze bei Ihnen melden. &#8220; submit_button_text=&#8220;Anfrage senden&#8220; _builder_version=&#8220;4.27.0&#8243; _module_preset=&#8220;default&#8220; _unique_id=&#8220;503f08ed-aaed-42fe-906c-28686ca73aca&#8220; background_color=&#8220;#FFFFFF&#8220; custom_button=&#8220;on&#8220; button_text_color=&#8220;#033F8D&#8220; hover_enabled=&#8220;0&#8243; global_colors_info=&#8220;{}&#8220; sticky_enabled=&#8220;0&#8243;][et_pb_contact_field field_id=&#8220;Name&#8220; field_title=&#8220;Name&#8220; _builder_version=&#8220;4.16&#8243; global_colors_info=&#8220;{}&#8220; button_text_size__hover_enabled=&#8220;off&#8220; button_one_text_size__hover_enabled=&#8220;off&#8220; button_two_text_size__hover_enabled=&#8220;off&#8220; button_text_color__hover_enabled=&#8220;off&#8220; button_one_text_color__hover_enabled=&#8220;off&#8220; button_two_text_color__hover_enabled=&#8220;off&#8220; button_border_width__hover_enabled=&#8220;off&#8220; button_one_border_width__hover_enabled=&#8220;off&#8220; button_two_border_width__hover_enabled=&#8220;off&#8220; button_border_color__hover_enabled=&#8220;off&#8220; button_one_border_color__hover_enabled=&#8220;off&#8220; button_two_border_color__hover_enabled=&#8220;off&#8220; button_border_radius__hover_enabled=&#8220;off&#8220; button_one_border_radius__hover_enabled=&#8220;off&#8220; button_two_border_radius__hover_enabled=&#8220;off&#8220; button_letter_spacing__hover_enabled=&#8220;off&#8220; button_one_letter_spacing__hover_enabled=&#8220;off&#8220; button_two_letter_spacing__hover_enabled=&#8220;off&#8220; button_bg_color__hover_enabled=&#8220;off&#8220; button_one_bg_color__hover_enabled=&#8220;off&#8220; button_two_bg_color__hover_enabled=&#8220;off&#8220;][\/et_pb_contact_field][et_pb_contact_field field_id=&#8220;Surname&#8220; field_title=&#8220;Nachname&#8220; _builder_version=&#8220;4.26.0&#8243; global_colors_info=&#8220;{}&#8220; button_text_size__hover_enabled=&#8220;off&#8220; button_one_text_size__hover_enabled=&#8220;off&#8220; button_two_text_size__hover_enabled=&#8220;off&#8220; button_text_color__hover_enabled=&#8220;off&#8220; button_one_text_color__hover_enabled=&#8220;off&#8220; button_two_text_color__hover_enabled=&#8220;off&#8220; button_border_width__hover_enabled=&#8220;off&#8220; button_one_border_width__hover_enabled=&#8220;off&#8220; button_two_border_width__hover_enabled=&#8220;off&#8220; button_border_color__hover_enabled=&#8220;off&#8220; button_one_border_color__hover_enabled=&#8220;off&#8220; button_two_border_color__hover_enabled=&#8220;off&#8220; button_border_radius__hover_enabled=&#8220;off&#8220; button_one_border_radius__hover_enabled=&#8220;off&#8220; button_two_border_radius__hover_enabled=&#8220;off&#8220; button_letter_spacing__hover_enabled=&#8220;off&#8220; button_one_letter_spacing__hover_enabled=&#8220;off&#8220; button_two_letter_spacing__hover_enabled=&#8220;off&#8220; button_bg_color__hover_enabled=&#8220;off&#8220; button_one_bg_color__hover_enabled=&#8220;off&#8220; button_two_bg_color__hover_enabled=&#8220;off&#8220;][\/et_pb_contact_field][et_pb_contact_field field_id=&#8220;Email&#8220; field_title=&#8220;E-Mail Adresse&#8220; field_type=&#8220;email&#8220; _builder_version=&#8220;4.16&#8243; global_colors_info=&#8220;{}&#8220; button_text_size__hover_enabled=&#8220;off&#8220; button_one_text_size__hover_enabled=&#8220;off&#8220; button_two_text_size__hover_enabled=&#8220;off&#8220; button_text_color__hover_enabled=&#8220;off&#8220; button_one_text_color__hover_enabled=&#8220;off&#8220; button_two_text_color__hover_enabled=&#8220;off&#8220; button_border_width__hover_enabled=&#8220;off&#8220; button_one_border_width__hover_enabled=&#8220;off&#8220; button_two_border_width__hover_enabled=&#8220;off&#8220; button_border_color__hover_enabled=&#8220;off&#8220; button_one_border_color__hover_enabled=&#8220;off&#8220; button_two_border_color__hover_enabled=&#8220;off&#8220; button_border_radius__hover_enabled=&#8220;off&#8220; button_one_border_radius__hover_enabled=&#8220;off&#8220; button_two_border_radius__hover_enabled=&#8220;off&#8220; button_letter_spacing__hover_enabled=&#8220;off&#8220; button_one_letter_spacing__hover_enabled=&#8220;off&#8220; button_two_letter_spacing__hover_enabled=&#8220;off&#8220; button_bg_color__hover_enabled=&#8220;off&#8220; button_one_bg_color__hover_enabled=&#8220;off&#8220; button_two_bg_color__hover_enabled=&#8220;off&#8220;][\/et_pb_contact_field][et_pb_contact_field field_id=&#8220;Your_Message&#8220; field_title=&#8220;Ihre Nachricht&#8220; field_type=&#8220;text&#8220; fullwidth_field=&#8220;on&#8220; _builder_version=&#8220;4.26.0&#8243; global_colors_info=&#8220;{}&#8220; button_text_size__hover_enabled=&#8220;off&#8220; button_one_text_size__hover_enabled=&#8220;off&#8220; button_two_text_size__hover_enabled=&#8220;off&#8220; button_text_color__hover_enabled=&#8220;off&#8220; button_one_text_color__hover_enabled=&#8220;off&#8220; button_two_text_color__hover_enabled=&#8220;off&#8220; button_border_width__hover_enabled=&#8220;off&#8220; button_one_border_width__hover_enabled=&#8220;off&#8220; button_two_border_width__hover_enabled=&#8220;off&#8220; button_border_color__hover_enabled=&#8220;off&#8220; button_one_border_color__hover_enabled=&#8220;off&#8220; button_two_border_color__hover_enabled=&#8220;off&#8220; button_border_radius__hover_enabled=&#8220;off&#8220; button_one_border_radius__hover_enabled=&#8220;off&#8220; button_two_border_radius__hover_enabled=&#8220;off&#8220; button_letter_spacing__hover_enabled=&#8220;off&#8220; button_one_letter_spacing__hover_enabled=&#8220;off&#8220; button_two_letter_spacing__hover_enabled=&#8220;off&#8220; button_bg_color__hover_enabled=&#8220;off&#8220; button_one_bg_color__hover_enabled=&#8220;off&#8220; button_two_bg_color__hover_enabled=&#8220;off&#8220;][\/et_pb_contact_field][et_pb_contact_field field_id=&#8220;Purpose_of_Contact&#8220; field_title=&#8220;Zweck des Kontakts&#8220; field_type=&#8220;select&#8220; select_options=&#8220;%91{%22value%22:%22Anbieter von Online-Plattform \\\/ ADR-Abonnement%22,%22checked%22:0,%22dragID%22:-1},{%22value%22:%22Allgemeine Anfrage%22,%22checked%22:0,%22dragID%22:0},{%22value%22:%22Presse%22,%22checked%22:0,%22dragID%22:1}%93&#8243; fullwidth_field=&#8220;on&#8220; _builder_version=&#8220;4.26.0&#8243; _module_preset=&#8220;default&#8220; global_colors_info=&#8220;{}&#8220;][\/et_pb_contact_field][et_pb_contact_field field_id=&#8220;Where_did_you_find_out_about_ADROIT?&#8220; field_title=&#8220;Woher haben Sie von ADROIT erfahren? &#8220; required_mark=&#8220;off&#8220; fullwidth_field=&#8220;on&#8220; _builder_version=&#8220;4.27.0&#8243; _module_preset=&#8220;default&#8220; global_colors_info=&#8220;{}&#8220;][\/et_pb_contact_field][\/et_pb_contact_form][\/et_pb_column][\/et_pb_row][\/et_pb_section][et_pb_section fb_built=&#8220;1&#8243; _builder_version=&#8220;4.26.0&#8243; _module_preset=&#8220;default&#8220; background_color=&#8220;#DCEBFE&#8220; global_colors_info=&#8220;{}&#8220;][et_pb_row column_structure=&#8220;2_3,1_3&#8243; _builder_version=&#8220;4.26.0&#8243; _module_preset=&#8220;default&#8220; global_colors_info=&#8220;{}&#8220;][et_pb_column type=&#8220;2_3&#8243; _builder_version=&#8220;4.26.0&#8243; _module_preset=&#8220;default&#8220; global_colors_info=&#8220;{}&#8220;][et_pb_map disabled_on=&#8220;on|on|on&#8220; _builder_version=&#8220;4.26.0&#8243; _module_preset=&#8220;default&#8220; disabled global_colors_info=&#8220;{}&#8220;][\/et_pb_map][\/et_pb_column][et_pb_column type=&#8220;1_3&#8243; _builder_version=&#8220;4.26.0&#8243; _module_preset=&#8220;default&#8220; global_colors_info=&#8220;{}&#8220;][et_pb_heading title=&#8220;Unsere Niederlassung&#8220; _builder_version=&#8220;4.26.0&#8243; _module_preset=&#8220;default&#8220; global_colors_info=&#8220;{}&#8220;][\/et_pb_heading][et_pb_text _builder_version=&#8220;4.26.0&#8243; _module_preset=&#8220;default&#8220; global_colors_info=&#8220;{}&#8220;]<\/p>\n<div><span style=\"font-size: large;\">Office 6, The Westin<\/span><br \/><span style=\"font-size: large;\">Dragonara Road<\/span><br \/><span style=\"font-size: large;\">St. Julian&#8217;s STJ 3143, Malta<\/span><\/div>\n<p>[\/et_pb_text][\/et_pb_column][\/et_pb_row][\/et_pb_section]<\/p>\n","protected":false},"excerpt":{"rendered":"<p>Die Einrichtung einer Streitbeilegung gem\u00e4\u00df Art. 21 des Gesetzes \u00fcber digitale Dienste ist ein wichtiger Punkt, den Sie beachten sollten, wenn Sie Ihre Online-Plattform DSA-konform machen. Wir helfen Ihnen gerne dabei, sicherzustellen, dass Ihr Unternehmen seiner Verpflichtung gem\u00e4\u00df Art. 21 DSA nachkommt. Wenn Sie nicht der Anbieter einer Online-Plattform sind und sich aus anderen Gr\u00fcnden an uns wenden m\u00f6chten, k\u00f6nnen Sie das gerne tun. Bitte beachten Sie: Dies ist NICHT das Formular zum Einreichen einer Beschwerde! Bitte nutzen Sie das folgende Kontaktformular, um mit uns in Kontakt zu treten oder eine Kooperation mit ADROIT zur DSA-konformen Beilegung von Streitigkeiten mit Nutzern Ihrer Online-Plattform einzuleiten. Office 6, The WestinDragonara RoadSt. Julian&#8217;s STJ 3143, Malta<\/p>\n","protected":false},"author":2,"featured_media":0,"parent":0,"menu_order":0,"comment_status":"closed","ping_status":"closed","template":"","meta":{"_et_pb_use_builder":"on","_et_pb_old_content":"","_et_gb_content_width":"","om_disable_all_campaigns":false,"_monsterinsights_skip_tracking":false,"_monsterinsights_sitenote_active":false,"_monsterinsights_sitenote_note":"","_monsterinsights_sitenote_category":0,"footnotes":""},"class_list":["post-336536","page","type-page","status-publish","hentry"],"aioseo_notices":[],"_links":{"self":[{"href":"https:\/\/adroit.legal\/de\/wp-json\/wp\/v2\/pages\/336536","targetHints":{"allow":["GET"]}}],"collection":[{"href":"https:\/\/adroit.legal\/de\/wp-json\/wp\/v2\/pages"}],"about":[{"href":"https:\/\/adroit.legal\/de\/wp-json\/wp\/v2\/types\/page"}],"author":[{"embeddable":true,"href":"https:\/\/adroit.legal\/de\/wp-json\/wp\/v2\/users\/2"}],"replies":[{"embeddable":true,"href":"https:\/\/adroit.legal\/de\/wp-json\/wp\/v2\/comments?post=336536"}],"version-history":[{"count":8,"href":"https:\/\/adroit.legal\/de\/wp-json\/wp\/v2\/pages\/336536\/revisions"}],"predecessor-version":[{"id":336733,"href":"https:\/\/adroit.legal\/de\/wp-json\/wp\/v2\/pages\/336536\/revisions\/336733"}],"wp:attachment":[{"href":"https:\/\/adroit.legal\/de\/wp-json\/wp\/v2\/media?parent=336536"}],"curies":[{"name":"wp","href":"https:\/\/api.w.org\/{rel}","templated":true}]}}